{"id":518,"date":"2021-12-28T11:53:53","date_gmt":"2021-12-28T11:53:53","guid":{"rendered":"https:\/\/demo-default-es.turitop.net\/product\/demo-reserva-tu-mesa\/"},"modified":"2026-04-16T07:49:25","modified_gmt":"2026-04-16T10:49:25","slug":"tren-del-fin-del-mundo","status":"publish","type":"product","link":"https:\/\/excursionesenushuaia.com\/pt\/tren-fin-del-mundo\/tren-del-fin-del-mundo\/","title":{"rendered":"Trem do Fim do Mundo"},"content":{"rendered":"<h2>Trem do Fim do Mundo<\/h2>\n<p>Voc\u00ea consegue imaginar fazer uma viagem de trem em Ushuaia com as belas cores do outono Fuegian?<\/p>\n<p><span style=\"font-weight: 400\">Se puede hacer en dos modalidades: turista, y clase premium.\u00a0<\/span><\/p>\n<p><span style=\"font-weight: 400\">Todas as op\u00e7\u00f5es incluem grandes janelas para olhar a paisagem, e uma narra\u00e7\u00e3o gravada (audioguia) contando a hist\u00f3ria do trem.<\/span><\/p>\n<h3><b>Classe Turista<\/b><\/h3>\n<p><span style=\"font-weight: 400\">Esta opci\u00f3n, la m\u00e1s elegida, tiene tre salidas diarias al d\u00eda. Los coches est\u00e1n calefaccionados con c\u00f3modos asientos para disfrutar del viaje. Ver\u00e1s el paisaje a trav\u00e9s de los amplios ventanales, cl\u00e1sicos de la \u00e9poca de oro de los trenes a vapor.\u00a0<\/span><\/p>\n<p>&nbsp;<\/p>\n<h3><b>Servi\u00e7o Premium Class\u00a0<\/b><\/h3>\n<p><span style=\"font-weight: 400\">Este \u00e9 um servi\u00e7o de embarque \u00fanico, com carros panor\u00e2micos, assentos individuais e mesas espa\u00e7osas.<\/span><\/p>\n<p><span style=\"font-weight: 400\">Mas tamb\u00e9m um mimo para seu est\u00f4mago.\u00a0<\/span><\/p>\n<p><span style=\"font-weight: 400\">Este \u00e9 um servi\u00e7o de embarque \u00fanico, com carros panor\u00e2micos, assentos individuais e mesas espa\u00e7osas.<\/span><\/p>\n<p><span style=\"font-weight: 400\">Mas tamb\u00e9m um mimo para seu est\u00f4mago.\u00a0<\/span><\/p>\n<p><span style=\"font-weight: 400\">Adem\u00e1s de la comodidad de los asientos, la gastronom\u00eda es de primer nivel. En la salida de la ma\u00f1ana, pod\u00e9s comer un desayuno compuesto por delicias locales y acompa\u00f1ado de bebidas (calientes, fr\u00edas o con alcohol).<br \/>\nEn las salidas del medio d\u00eda y tarde, vas a poder elegir un plato entre distintas opciones: cazuela de cordero, cazuela de lentejas, pollo al disco, sandwich de lomo o cordero con papas r\u00fasticas, o wrap vegetariano.<\/span><\/p>\n<p><span style=\"font-weight: 400\">No final do passeio, lhe daremos uma lembran\u00e7a exclusiva do Trem do Fim do Mundo.<\/span><\/p>\n<p>&nbsp;<\/p>\n<h3>Importante:<\/h3>\n<p><span style=\"font-weight: 400\">Esta excursi\u00f3n que est\u00e1s leyendo es s\u00f3lo para reservar tu pasaje en tren. <\/span><b>No incluye traslados ni la visita guiada al <a href=\"https:\/\/excursionesenushuaia.com\/pt\/parque-nacional\/excursion-en-parque-nacional-1\/\">Parque Nacional Tierra del Fuego<\/a>. <\/b><span style=\"font-weight: 400\">Si quer\u00e9s comprar la excursi\u00f3n combinada, te recomendamos mirar <\/span><span style=\"font-weight: 400\"><a href=\"https:\/\/excursionesenushuaia.com\/pt\/parque-nacional\/parque-y-tren\/\">Parque Nacional+ Tren<\/a>.<\/span><\/p>\n<p>&nbsp;<\/p>","protected":false},"excerpt":{"rendered":"<p>Subite al famoso <strong>Trem do Fim do Mundo<\/strong> y reviv\u00ed los <strong>\u00faltimos 7 km<\/strong> do <strong>recorrido original<\/strong> que os <strong>presos de la antigua c\u00e1rcel de Ushuaia<\/strong> hace m\u00e1s de un siglo.<\/p>","protected":false},"featured_media":42290,"comment_status":"open","ping_status":"closed","template":"","meta":{"_acf_changed":false,"_joinchat":[]},"product_brand":[],"product_cat":[559],"product_tag":[87,88,89,75],"class_list":{"0":"post-518","1":"product","2":"type-product","3":"status-publish","4":"has-post-thumbnail","6":"product_cat-tren-fin-del-mundo","7":"product_tag-invierno","8":"product_tag-otonos","9":"product_tag-primavera","10":"product_tag-verano","12":"first","13":"instock","14":"virtual","15":"sold-individually","16":"purchasable","17":"product-type-turitop"},"acf":[],"_links":{"self":[{"href":"https:\/\/excursionesenushuaia.com\/pt\/wp-json\/wp\/v2\/product\/518","targetHints":{"allow":["GET"]}}],"collection":[{"href":"https:\/\/excursionesenushuaia.com\/pt\/wp-json\/wp\/v2\/product"}],"about":[{"href":"https:\/\/excursionesenushuaia.com\/pt\/wp-json\/wp\/v2\/types\/product"}],"replies":[{"embeddable":true,"href":"https:\/\/excursionesenushuaia.com\/pt\/wp-json\/wp\/v2\/comments?post=518"}],"version-history":[{"count":16,"href":"https:\/\/excursionesenushuaia.com\/pt\/wp-json\/wp\/v2\/product\/518\/revisions"}],"predecessor-version":[{"id":51045,"href":"https:\/\/excursionesenushuaia.com\/pt\/wp-json\/wp\/v2\/product\/518\/revisions\/51045"}],"wp:featuredmedia":[{"embeddable":true,"href":"https:\/\/excursionesenushuaia.com\/pt\/wp-json\/wp\/v2\/media\/42290"}],"wp:attachment":[{"href":"https:\/\/excursionesenushuaia.com\/pt\/wp-json\/wp\/v2\/media?parent=518"}],"wp:term":[{"taxonomy":"product_brand","embeddable":true,"href":"https:\/\/excursionesenushuaia.com\/pt\/wp-json\/wp\/v2\/product_brand?post=518"},{"taxonomy":"product_cat","embeddable":true,"href":"https:\/\/excursionesenushuaia.com\/pt\/wp-json\/wp\/v2\/product_cat?post=518"},{"taxonomy":"product_tag","embeddable":true,"href":"https:\/\/excursionesenushuaia.com\/pt\/wp-json\/wp\/v2\/product_tag?post=518"}],"curies":[{"name":"wp","href":"https:\/\/api.w.org\/{rel}","templated":true}]}}