{"id":535,"date":"2020-03-06T00:00:57","date_gmt":"2020-03-06T03:00:57","guid":{"rendered":"https:\/\/demo-default-es.turitop.net\/product\/demo-alquiler-yate-full-day\/"},"modified":"2026-04-09T12:16:56","modified_gmt":"2026-04-09T15:16:56","slug":"ruta-de-la-centolla","status":"publish","type":"product","link":"https:\/\/excursionesenushuaia.com\/pt\/puerto-almanza\/ruta-de-la-centolla\/","title":{"rendered":"A Rota do Caranguejo Real em Ushuaia"},"content":{"rendered":"<blockquote>\n<h2>Excursi\u00f3n la Ruta de La Centolla<\/h2>\n<\/blockquote>\n<p><span style=\"font-weight: 400\">Venha deslumbrar-se com as \u00c1rvores Bandeira, a Rota do Caranguejo e almo\u00e7o feito pela captura do dia. Uma experi\u00eancia gastron\u00f3mica no fim do mundo.\u00a0<\/span><\/p>\n<h3 class=\"translation-block\"><span style=\"font-weight: 400\">Descubra<\/span>\n<span style=\"font-weight: 400\"> a hist\u00f3ria do in\u00edcio de Ushuaia, que come\u00e7a num lugar: o mar.<\/span><\/h3>\n<p><span style=\"font-weight: 400\">Aqui vamos n\u00f3s.<\/span><\/p>\n<p><span style=\"font-weight: 400\">Conocer\u00e1s a los pescadores artesanales del <a href=\"https:\/\/excursionesenushuaia.com\/pt\/informacion-general\/caracteristicas-del-canal-beagle-protagonista-de-excelentes-excursiones-en-ushuaia\/\">Canal Beagle<\/a>, y ver\u00e1s de primera mano c\u00f3mo es el arte de pescar en unas aguas tan particulares. Al final, nos deleitamos con la cocina local: comeremos la pesca del d\u00eda<\/span><\/p>\n<p><span style=\"font-weight: 400\">Este \u00e9 o passeio para voc\u00ea se voc\u00ea gosta de aventura e aprender sobre a hist\u00f3ria dos lugares para os quais viaja.<\/span><\/p>\n<p>&nbsp;<\/p>\n<p>\u00c9 um lugar maravilhoso, o protagonista de muitos<strong>\u00a0excurs\u00f5es em Ushuaia<\/strong>Voc\u00ea pode realizar todas essas atividades durante suas f\u00e9rias. Da escalada no gelo ao tren\u00f3 atrav\u00e9s do vale, h\u00e1 muita divers\u00e3o para toda a fam\u00edlia.<\/p>\n<p>Com neve a maior parte do ano, \u00e9 um passeio imperd\u00edvel na periferia da cidade mais austral do mundo.<\/p>\n<p><em><strong>Caracter\u00edsticas do Vale<\/strong><\/em><\/p>\n<p>O\u00a0<strong>Vale Tierra Mayor em Ushuaia<\/strong>\u00a0tem um ref\u00fagio no meio da floresta, uma parada quase obrigat\u00f3ria para todos os tipos de excurs\u00f5es na regi\u00e3o. Tem capacidade para 150 pessoas e oferece um chocolate quente requintado.<\/p>\n<p>Um grande vale de turfa, (sedimenta\u00e7\u00e3o na terra como resultado do desperd\u00edcio natural de \u00e1rvores), separa a Rota Nacional N\u00b03 da Serra de Alvear, onde muitas caminhadas podem ser feitas (dependendo da \u00e9poca do ano), ideal para os amantes de trekking, alpinismo e at\u00e9 mesmo escalada no gelo, uma experi\u00eancia inesquec\u00edvel para uma experi\u00eancia inesquec\u00edvel.\u00a0<strong>ficar em Ushuaia<\/strong><\/p>\n<p>&nbsp;<\/p>","protected":false},"excerpt":{"rendered":"<p>Voc\u00ea conhecer\u00e1 o <strong>Porto de Almanza<\/strong>, o <strong>pueblo<\/strong> de <strong>pesca artesanal<\/strong> m\u00e1s austral de nuestro pa\u00eds. Entre <strong>historias locales<\/strong> e <strong>comida fresca<\/strong> reci\u00e9n salida del mar, vas a vivir la esencia <strong>gastron\u00f3mica<\/strong> de <strong>Ushuaia<\/strong>.<\/p>","protected":false},"featured_media":42056,"comment_status":"open","ping_status":"closed","template":"","meta":{"_acf_changed":false,"_joinchat":[]},"product_brand":[],"product_cat":[123],"product_tag":[],"class_list":{"0":"post-535","1":"product","2":"type-product","3":"status-publish","4":"has-post-thumbnail","6":"product_cat-puerto-almanza","8":"first","9":"instock","10":"virtual","11":"sold-individually","12":"purchasable","13":"product-type-turitop"},"acf":[],"_links":{"self":[{"href":"https:\/\/excursionesenushuaia.com\/pt\/wp-json\/wp\/v2\/product\/535","targetHints":{"allow":["GET"]}}],"collection":[{"href":"https:\/\/excursionesenushuaia.com\/pt\/wp-json\/wp\/v2\/product"}],"about":[{"href":"https:\/\/excursionesenushuaia.com\/pt\/wp-json\/wp\/v2\/types\/product"}],"replies":[{"embeddable":true,"href":"https:\/\/excursionesenushuaia.com\/pt\/wp-json\/wp\/v2\/comments?post=535"}],"version-history":[{"count":6,"href":"https:\/\/excursionesenushuaia.com\/pt\/wp-json\/wp\/v2\/product\/535\/revisions"}],"predecessor-version":[{"id":46649,"href":"https:\/\/excursionesenushuaia.com\/pt\/wp-json\/wp\/v2\/product\/535\/revisions\/46649"}],"wp:featuredmedia":[{"embeddable":true,"href":"https:\/\/excursionesenushuaia.com\/pt\/wp-json\/wp\/v2\/media\/42056"}],"wp:attachment":[{"href":"https:\/\/excursionesenushuaia.com\/pt\/wp-json\/wp\/v2\/media?parent=535"}],"wp:term":[{"taxonomy":"product_brand","embeddable":true,"href":"https:\/\/excursionesenushuaia.com\/pt\/wp-json\/wp\/v2\/product_brand?post=535"},{"taxonomy":"product_cat","embeddable":true,"href":"https:\/\/excursionesenushuaia.com\/pt\/wp-json\/wp\/v2\/product_cat?post=535"},{"taxonomy":"product_tag","embeddable":true,"href":"https:\/\/excursionesenushuaia.com\/pt\/wp-json\/wp\/v2\/product_tag?post=535"}],"curies":[{"name":"wp","href":"https:\/\/api.w.org\/{rel}","templated":true}]}}