{"id":608,"date":"2022-12-27T12:16:21","date_gmt":"2022-12-27T12:16:21","guid":{"rendered":"https:\/\/excursionesenushuaia.com\/?post_type=product&#038;p=608"},"modified":"2026-04-12T15:47:25","modified_gmt":"2026-04-12T18:47:25","slug":"city-tour","status":"publish","type":"product","link":"https:\/\/excursionesenushuaia.com\/pt\/city-tours\/city-tour\/","title":{"rendered":"City Tour"},"content":{"rendered":"<p><span style=\"font-weight: 400\">En el City Tour conoc\u00e9 la historia de la primera ciudad m\u00e1s austral del mundo, Ushuaia, capital de Tierra del Fuego<\/span><span style=\"font-weight: 400\">. El \u00faltimo pedazo del continente americano.\u00a0<\/span><\/p>\n<p><span style=\"font-weight: 400\">Neste tour de uma hora e meia, voc\u00ea aprender\u00e1 a hist\u00f3ria por tr\u00e1s desta enigm\u00e1tica cidade. Assim como mar, florestas e geleiras, h\u00e1 segredos e hist\u00f3rias que voc\u00ea n\u00e3o pode perder.<\/span><\/p>\n<p><span style=\"font-weight: 400\">Te lo contamos todo aqu\u00ed.<\/span><\/p>\n<p>&nbsp;<\/p>\n<p>Comenzar\u00e1s\u00a0el\u00a0recorrido\u00a0desde tu hotel para descubrir la m\u00edstica historia de Ushuaia.<\/p>\n<p>&nbsp;<\/p>\n<p>Despu\u00e9s de pasar por la\u00a0<b>pasarela Luis Pedro Fique<\/b>, ver\u00e1s un barrio de peque\u00f1as casas similares entre s\u00ed.<\/p>\n<p>Es barrio de La Misi\u00f3n, aqu\u00ed fue fundada la ciudad en 1884 y todav\u00eda siguen en pie algunas casas constru\u00eddas por los meros pobladores inmigrantes de Ushuaia.<\/p>\n<p>La historia de Ushuaia\u00a0tiene muchas idas y vueltas. Desde los y\u00e1manas hasta las familias colonas, desde Fitz Roy\u00a0hasta Darwin, descubrir\u00e1s los secretos mejor guardados de este rinc\u00f3n del planeta.<\/p>\n<p>&nbsp;<\/p>\n<p>Descubrir\u00e1s los hist\u00f3ricos edificios del casco\u00a0c\u00e9ntrico\u00a0pasando por el\u00a0<b>Paseo del Centenario.<\/b><\/p>\n<p>Este paseo fue creado cuando Ushuaia cumpli\u00f3 100 a\u00f1os. Es una escalinata, que conecta las calles altas con las bajas. \u00a1Las vistas son un sue\u00f1o! Te llevar\u00e1s una buena toma panor\u00e1mica de Ushuaia y\u00a0 del <b>Canal Beagle.<\/b><\/p>\n<p>Es el punto de partida para la Ant\u00e1rtida y la cl\u00e1sica foto que ves en las postales.<\/p>\n<p>&nbsp;<\/p>\n<p>Vas a recorrer la zona costera nuevamente, y hablaremos de la historia mar\u00edtima, te encontrar\u00e1s con el Saint Christopher y\u00a0escuchar\u00e1s\u00a0su historia.<\/p>\n<p>Como toda buena an\u00e9cdota de barcos, incluye naufragios y un capit\u00e1n que desapareci\u00f3 misteriosamente. Est\u00e1 por terminar el tour y pod\u00e9s elegir finalizarlo en una de estas dos paradas.<\/p>\n<p>&nbsp;<\/p>\n<p>El Museo del Fin del Mundo busca mostrar las ra\u00edces que representan el pasado. Conocer\u00e1s la historia de la fundaci\u00f3n de Ushuaia, los or\u00edgenes de la ciudad, y los distintos grupos \u00e9tnicos. Vas a saber de los relatos de los barcos hundidos en las costas y los buscadores de oro en el Norte de la isla. Adem\u00e1s, vas a ver algo de la naturaleza de la ciudad. La entrada no est\u00e1 inclu\u00edda, pero la pod\u00e9s comprar ah\u00ed.<\/p>\n<p>&nbsp;<\/p>\n<p>La segunda opci\u00f3n es el Museo Mar\u00edtimo y del Presidio. Por ser un lugar tan remoto, Tierra del Fuego tiene una interesante historia de navegantes y presos famosos, como el Petiso Orejudo. La entrada no est\u00e1 inclu\u00edda, pero la pod\u00e9s comprar en el momento. La historia no la escriben los h\u00e9roes, sino los personajes que construyeron el pueblo desde cero. Ac\u00e1 vas a conocer el d\u00eda a d\u00eda de la Ushuaia antigua.<\/p>","protected":false},"excerpt":{"rendered":"<p>En el City Tour conoc\u00e9 la historia de la primera ciudad m\u00e1s austral del mundo, Ushuaia, capital de Tierra del Fuego. El \u00faltimo pedazo del continente americano.\u00a0 En este tour de hora y media, conocer\u00e1s la historia detr\u00e1s de esta enigm\u00e1tica ciudad. Adem\u00e1s de mar, bosques y glaciares, hay secretos y relatos que no te [&hellip;]<\/p>\n","protected":false},"featured_media":42269,"comment_status":"open","ping_status":"closed","template":"","meta":{"_acf_changed":false,"_joinchat":[]},"product_brand":[],"product_cat":[55],"product_tag":[87,88,89,75],"class_list":{"0":"post-608","1":"product","2":"type-product","3":"status-publish","4":"has-post-thumbnail","6":"product_cat-city-tours","7":"product_tag-invierno","8":"product_tag-otonos","9":"product_tag-primavera","10":"product_tag-verano","12":"first","13":"instock","14":"virtual","15":"sold-individually","16":"purchasable","17":"product-type-turitop"},"acf":[],"_links":{"self":[{"href":"https:\/\/excursionesenushuaia.com\/pt\/wp-json\/wp\/v2\/product\/608","targetHints":{"allow":["GET"]}}],"collection":[{"href":"https:\/\/excursionesenushuaia.com\/pt\/wp-json\/wp\/v2\/product"}],"about":[{"href":"https:\/\/excursionesenushuaia.com\/pt\/wp-json\/wp\/v2\/types\/product"}],"replies":[{"embeddable":true,"href":"https:\/\/excursionesenushuaia.com\/pt\/wp-json\/wp\/v2\/comments?post=608"}],"version-history":[{"count":6,"href":"https:\/\/excursionesenushuaia.com\/pt\/wp-json\/wp\/v2\/product\/608\/revisions"}],"predecessor-version":[{"id":41974,"href":"https:\/\/excursionesenushuaia.com\/pt\/wp-json\/wp\/v2\/product\/608\/revisions\/41974"}],"wp:featuredmedia":[{"embeddable":true,"href":"https:\/\/excursionesenushuaia.com\/pt\/wp-json\/wp\/v2\/media\/42269"}],"wp:attachment":[{"href":"https:\/\/excursionesenushuaia.com\/pt\/wp-json\/wp\/v2\/media?parent=608"}],"wp:term":[{"taxonomy":"product_brand","embeddable":true,"href":"https:\/\/excursionesenushuaia.com\/pt\/wp-json\/wp\/v2\/product_brand?post=608"},{"taxonomy":"product_cat","embeddable":true,"href":"https:\/\/excursionesenushuaia.com\/pt\/wp-json\/wp\/v2\/product_cat?post=608"},{"taxonomy":"product_tag","embeddable":true,"href":"https:\/\/excursionesenushuaia.com\/pt\/wp-json\/wp\/v2\/product_tag?post=608"}],"curies":[{"name":"wp","href":"https:\/\/api.w.org\/{rel}","templated":true}]}}