{"id":610,"date":"2020-03-02T15:34:17","date_gmt":"2020-03-02T18:34:17","guid":{"rendered":"https:\/\/excursionesenushuaia.com\/?post_type=product&#038;p=610"},"modified":"2026-03-27T11:58:33","modified_gmt":"2026-03-27T14:58:33","slug":"navegacion-pinguinera","status":"publish","type":"product","link":"https:\/\/excursionesenushuaia.com\/pt\/pinguinera\/navegacion-pinguinera\/","title":{"rendered":"Navega\u00e7\u00e3o no Canal de Beagle e na Col\u00f4nia de Pinguins"},"content":{"rendered":"<div data-elementor-type=\"product-post\" data-elementor-id=\"610\" class=\"elementor elementor-610\" data-elementor-post-type=\"product\">\n\t\t\t\t<div class=\"elementor-element elementor-element-3985c07d e-flex e-con-boxed e-con e-parent\" data-id=\"3985c07d\" data-element_type=\"container\" data-e-type=\"container\">\n\t\t\t\t\t<div class=\"e-con-inner\">\n\t\t\t\t<div class=\"elementor-element elementor-element-f2a322b elementor-widget elementor-widget-text-editor\" data-id=\"f2a322b\" data-element_type=\"widget\" data-e-type=\"widget\" data-widget_type=\"text-editor.default\">\n\t\t\t\t\t\t\t\t\t<p><strong>Navegaci\u00f3n Ping\u00fcinera:<\/strong><\/p><p><span style=\"font-weight: 400;\">Navegar ao redor do Arquip\u00e9lago da Ponte: Isla P\u00e1jaros, Isla Lobos, Isla Martillo, Les Eclaireurs Lighthouse e Ping\u00fcinera.<\/span><\/p><p><span style=\"font-weight: 400;\">Navegaremos atrav\u00e9s das \u00e1guas do Canal Beagle e veremos paisagens incr\u00edveis. Voc\u00ea encontrar\u00e1 pinguins, lobos e p\u00e1ssaros na natureza e voc\u00ea ter\u00e1 sua foto tirada no famoso <\/span><b>Farol de Les Eclaireurs<\/b><span style=\"font-weight: 400;\">!\u00a0<\/span><\/p><p><span style=\"font-weight: 400;\">A navega\u00e7\u00e3o Ping\u00fcinera dura quatro horas e \u00e9 uma das viagens favoritas de nossos viajantes.\u00a0<\/span><\/p><p>\u00a0<\/p><p>Temporada de ping\u00fcinos confirmada desde 10 de Octubre 2022 hasta el 10 de abril de 2023.<\/p><p class=\"translation-block\"><b>Temporada: <\/b>entre os meses de outubro e abril, per\u00edodo em que podemos <b>visitar os pinguins em Ushuaia<\/b>.<\/p><p class=\"translation-block\">Sa\u00edmos do porto de Ushuaia e o passeio come\u00e7a com um percurso pela <b>ba\u00eda de Ushuaia<\/b> em dire\u00e7\u00e3o ao <a href=\"https:\/\/excursionesenushuaia.com\/pt\/navegacion-canal-de-beagle\/\" target=\"_self\"><b>canal Beagle<\/b>.<\/a><\/p><p class=\"translation-block\">Visitamos de catamar\u00e3 a <b>\"Ilha dos P\u00e1ssaros\"<\/b>, onde observamos a flora e fauna locais, al\u00e9m das aves destacadas como os Sk\u00faas, Albatrozes-de-sobrancelha-preta, Patos Vapor, Cauquenes, Gaivotas Cozinheiras e Gaivotas Cinzentas.<\/p><p class=\"translation-block\">Continuamos rumo \u00e0 <b>\"Ilha dos Lobos\"<\/b>, onde a principal atra\u00e7\u00e3o s\u00e3o os lobos-marinhos de uma e duas pelagens. Estas duas ilhas fazem parte do arquip\u00e9lago Bridges.<\/p><p>No\u00a0<b>Farol de Les Eclaireurs<\/b>\u00a0(<b>mal llamado Faro del Fin del Mundo<\/b>) haremos la parada que todos est\u00e1n esperando:<\/p><p>A famosa foto com o farol atr\u00e1s, aquela foto imperd\u00edvel que todos n\u00f3s queremos levar como lembran\u00e7a.<\/p><p>L\u00e1 tamb\u00e9m \u00e9 poss\u00edvel ver corvos-marinhos e atob\u00e1s imperiais, al\u00e9m de aprender sobre o naufr\u00e1gio do SS Monte Cervantes na d\u00e9cada de 1930.<\/p><p class=\"translation-block\">Ap\u00f3s a imperd\u00edvel selfie no <b>misnamed Lighthouse at the End of the World<\/b>, siga para o leste.<\/p><p class=\"translation-block\">Durante a navega\u00e7\u00e3o, \u00e9 poss\u00edvel avistar <b>Puerto Almanza<\/b> do lado argentino e a Base Naval <b>Puerto Williams<\/b> do lado chileno.<\/p><p class=\"translation-block\">Faz-se uma parada de meia hora na <b>Isla Martillo<\/b>, onde avistamos uma col\u00f4nia de pinguins-de-Magalh\u00e3es, Gentoo e, ocasionalmente, alguns pinguins-rei.<\/p><p>\u00a0<\/p><p>Ya con los celulares repletos de fotos con este animal tan particular que elige vivir en Ushuaia a\u00f1o tras a\u00f1o, damos media vuelta y se comienza el viaje de regreso a Ushuaia.<br \/>Este trayecto lo navegamos cerca de la costa norte del Canal, lo que nos permite avistar la flora y fauna de la zona, bien de cerca.<\/p><p>Tamb\u00e9m \u00e9 poss\u00edvel observar a Estancia T\u00fanel e a Estancia Remolino, onde o casco semi-afundado do navio a vapor Monte Sarmiento est\u00e1 localizado desde 1912.<\/p><p>Uma das vistas finais que a rota oferece \u00e9 a cadeia de montanhas que circunda a cidade de Ushuaia. \u00c9 uma rota extremamente rica, tanto do ponto de vista hist\u00f3rico quanto natural.<\/p><p class=\"translation-block\">Fazemos esta excurs\u00e3o mar\u00edtima pelo <b>Canal Beagle<\/b> a bordo dos <b>Catamaranes Canoero,<\/b> a frota mais moderna de <b>catamar\u00e3s em Ushuaia<\/b> e em toda a <b>Argentina<\/b>, com modelos de 2018, 2019 e 2020.<\/p><p>Temos um sistema de aquecimento, banheiros, bar e servi\u00e7o de fotografia.<\/p>\t\t\t\t\t\t\t\t<\/div>\n\t\t\t\t\t<\/div>\n\t\t\t\t<\/div>\n\t\t\t\t<\/div>","protected":false},"excerpt":{"rendered":"<p class=\"translation-block\">Voc\u00ea vai navegar pelo <strong>Canal Beagle<\/strong> e conhecer os <strong>pinguins<\/strong> na <strong>Ilha Martillo<\/strong>, al\u00e9m de aproveitar a passagem pelas <strong>ilhas dos lobos<\/strong>, das <strong>aves<\/strong> e pelo <strong>Farol Les \u00c9claireurs<\/strong>.```<\/p>","protected":false},"featured_media":42045,"comment_status":"open","ping_status":"closed","template":"","meta":{"_acf_changed":false,"_joinchat":[]},"product_brand":[],"product_cat":[40,31],"product_tag":[112,89,75],"class_list":{"0":"post-610","1":"product","2":"type-product","3":"status-publish","4":"has-post-thumbnail","6":"product_cat-pinguinera","7":"product_cat-excursiones-preferidas","8":"product_tag-nav","9":"product_tag-primavera","10":"product_tag-verano","12":"first","13":"instock","14":"virtual","15":"sold-individually","16":"purchasable","17":"product-type-turitop"},"acf":[],"_links":{"self":[{"href":"https:\/\/excursionesenushuaia.com\/pt\/wp-json\/wp\/v2\/product\/610","targetHints":{"allow":["GET"]}}],"collection":[{"href":"https:\/\/excursionesenushuaia.com\/pt\/wp-json\/wp\/v2\/product"}],"about":[{"href":"https:\/\/excursionesenushuaia.com\/pt\/wp-json\/wp\/v2\/types\/product"}],"replies":[{"embeddable":true,"href":"https:\/\/excursionesenushuaia.com\/pt\/wp-json\/wp\/v2\/comments?post=610"}],"version-history":[{"count":11,"href":"https:\/\/excursionesenushuaia.com\/pt\/wp-json\/wp\/v2\/product\/610\/revisions"}],"predecessor-version":[{"id":44932,"href":"https:\/\/excursionesenushuaia.com\/pt\/wp-json\/wp\/v2\/product\/610\/revisions\/44932"}],"wp:featuredmedia":[{"embeddable":true,"href":"https:\/\/excursionesenushuaia.com\/pt\/wp-json\/wp\/v2\/media\/42045"}],"wp:attachment":[{"href":"https:\/\/excursionesenushuaia.com\/pt\/wp-json\/wp\/v2\/media?parent=610"}],"wp:term":[{"taxonomy":"product_brand","embeddable":true,"href":"https:\/\/excursionesenushuaia.com\/pt\/wp-json\/wp\/v2\/product_brand?post=610"},{"taxonomy":"product_cat","embeddable":true,"href":"https:\/\/excursionesenushuaia.com\/pt\/wp-json\/wp\/v2\/product_cat?post=610"},{"taxonomy":"product_tag","embeddable":true,"href":"https:\/\/excursionesenushuaia.com\/pt\/wp-json\/wp\/v2\/product_tag?post=610"}],"curies":[{"name":"wp","href":"https:\/\/api.w.org\/{rel}","templated":true}]}}