{"id":614,"date":"2022-12-27T12:30:26","date_gmt":"2022-12-27T12:30:26","guid":{"rendered":"https:\/\/excursionesenushuaia.com\/?post_type=product&#038;p=614"},"modified":"2026-04-07T14:21:03","modified_gmt":"2026-04-07T17:21:03","slug":"glaciar-ojo-del-albino","status":"publish","type":"product","link":"https:\/\/excursionesenushuaia.com\/pt\/trekking\/glaciar-ojo-del-albino\/","title":{"rendered":"Trekking al Glaciar Ojo del Albino"},"content":{"rendered":"<p><b>O Ojo del Albino Glaciar trekking \u00e9 o mais desafiador que se pode fazer na Terra do Fogo.<\/b><span style=\"font-weight: 400\"> Com 20 quil\u00f4metros no total, esta \u00e9 a verdadeira Patag\u00f4nia Salvaje.<\/span><\/p>\n<p><span style=\"font-weight: 400\">Los paisajes son alucinantes. Pero adem\u00e1s, te daremos bastones para cruzar los turbales, humedales de origen glaciario y claves para la salud de nuestro planeta.<\/span><\/p>\n<p><span style=\"font-weight: 400\"><a href=\"https:\/\/excursionesenushuaia.com\/pt\/excursiones-para-conocer-la-flora-y-fauna-de-ushuaia\/\">Flora y fauna<\/a>. Bosque, monta\u00f1a y glaciares colgantes. <\/span><b>Este trekking de altura tiene todo lo que tiene que tener.\u00a0<\/b><\/p>\n<p><span style=\"font-weight: 400\">\u00a1Ojo al piojo! Esta propuesta est\u00e1 clasificada como dificultad alta. Se requiere una\u00a0 condici\u00f3n f\u00edsica acorde a las dificultades mencionadas.<\/span><\/p>\n<p><span style=\"font-weight: 400\">Animate a llegar donde s\u00f3lo llegan los valientes.<\/span><\/p>\n<p>&nbsp;<\/p>\n<p><b>Duraci\u00f3n:<\/b><b>\u00a0<\/b>7\/9 horas. (7\/9 de trekking)<\/p>\n<p><b>\u00c9poca de realizaci\u00f3n<\/b><\/p>\n<p>Exclusivamente de\u00a0Noviembre\u00a0a Marzo. La informaci\u00f3n volcada en esta ficha corresponde al per\u00edodo Noviembre-Marzo aproximadamente, dependiendo de la cantidad de nieve que exista en las cumbres.<\/p>\n<p><b>Requerimientos<\/b><\/p>\n<p>Esta propuesta est\u00e1 clasificada como dificultad alta\u00a0<i>(muy exigente)<\/i>. Se requiere una aceptable condici\u00f3n f\u00edsica acorde a las dificultades mencionadas.<\/p>\n<p><b>Distancias y desniveles<\/b><\/p>\n<p>Recorrido total 20 Km (trekking ida y vuelta). Recorrido total 40 Km (traslado terrestre ida y vuelta). Punto de partida: 250 msnm. Glaciar Albino: 980 msnm, Altura M\u00e1xima: 980 msnm. Desnivel: 800 m.<\/p>\n<p><b>Salidas:<\/b>\u00a0M\u00ednimo 4 pasajeros.<\/p>\n<p><b>Programa:<\/b><\/p>\n<p>El programa comienza a las 9 hs con el traslado desde tu hotel hasta el inicio de la senda que lleva al\u00a0<a href=\"https:\/\/es.wikipedia.org\/wiki\/Glaciar_Ojo_del_Albino\" target=\"_blank\" rel=\"noopener\"><b>Glaciar Albino,<\/b><\/a>\u00a0ubicada en el\u00a0<b>Valle de Tierra Mayor,<\/b>\u00a0entre las Sierras de Sorondo y Alvear, plena Cordillera de los Andes. El sendero parte del refugio Nunatak, donde nos calzaremos las botas de goma para cruzar la zona de turbales. La senda discurre primeramente por un turbal y luego se interna en un antiguo bosque hasta culminar en el Valle de Altura de la\u00a0<b>Lagoa Esmeralda<\/b>, antiguo circo glaciario enmarcado por los Cerros Bonete (1.120 msnm), Pelado (930 msnm) y Domo Blanco (1.200 msnm), este \u00faltimo con su caracter\u00edstica cima de hielo.<\/p>\n<p>Desde aqu\u00ed es posible obtener hermosas vistas panor\u00e1micas de la zona circundante. La marcha contin\u00faa bordeando el R\u00edo Esmeralda hasta llegar a la laguna hom\u00f3nima, colectora del glaciar, de un color verdoso que hace honor a su denominaci\u00f3n (350 msnm). Luego de un peque\u00f1o descanso se continuamos bordeando la laguna por su margen Este. En este tramo pueden observarse diques de castor en gran parte del recorrido hasta llegar al l\u00edmite de vegetaci\u00f3n (600 msnm). A partir de all\u00ed se emprende una trepada sencilla por un acarreo de roca suelta de unos 30\u00b0 de pendiente promedio.<\/p>\n<p>El entorno pasa lentamente a convertirse en un paisaje de\u00a0<b>alta monta<\/b>\u00f1a, donde dominan la roca, la nieve y el hielo. Hacia abajo la\u00a0<b>Lagoa Esmeralda<\/b>\u00a0se vuelve una peque\u00f1a referencia enmarcada por el verde del bosque. Luego de rodear las Paredes Naranjas, macizo de roca de ese color se alcanza el hielo milenario al pie de la laguna\u00a0<b>Ojo del Albino<\/b>\u00a0(980 msnm), ubicada al t\u00e9rmino del glaciar, desde donde podremos apreciar la majestuosidad de los Andes Fueguinos en toda su dimensi\u00f3n. El Glaciar en esta \u00e1rea es un macizo plano de hielo surcado por grietas y rodeado por picos obscuros y afilados que descarga en el Ojo del Albino el agua de deshielo, donde flotan t\u00e9mpanos considerables.<\/p>\n<p>Luego del almuerzo se comienza a emprender el regreso al punto de partida por un camino alternativo.<\/p>\n<p><b>Destacados<\/b><\/p>\n<ul>\n<li>Vistas panor\u00e1micas de monta\u00f1as circundantes.<\/li>\n<li>Observaci\u00f3n de flora.<\/li>\n<li>Observaci\u00f3n de aves del bosque.<\/li>\n<li>Observaci\u00f3n de un glaciar colgante.<\/li>\n<li>Entorno paisaj\u00edstico de alta monta\u00f1a.<\/li>\n<li>Trekking de altura.<\/li>\n<\/ul>","protected":false},"excerpt":{"rendered":"<p><b>O Ojo del Albino Glaciar trekking \u00e9 o mais desafiador que se pode fazer na Terra do Fogo.<\/b><span style=\"font-weight: 400\"> Com 20 quil\u00f4metros no total, esta \u00e9 a verdadeira Patag\u00f4nia Salvaje.<\/span><\/p>","protected":false},"featured_media":42272,"comment_status":"open","ping_status":"closed","template":"","meta":{"_acf_changed":false,"_joinchat":[]},"product_brand":[],"product_cat":[114],"product_tag":[89,75],"class_list":{"0":"post-614","1":"product","2":"type-product","3":"status-publish","4":"has-post-thumbnail","6":"product_cat-trekking","7":"product_tag-primavera","8":"product_tag-verano","10":"first","11":"instock","12":"virtual","13":"sold-individually","14":"purchasable","15":"product-type-turitop"},"acf":[],"_links":{"self":[{"href":"https:\/\/excursionesenushuaia.com\/pt\/wp-json\/wp\/v2\/product\/614","targetHints":{"allow":["GET"]}}],"collection":[{"href":"https:\/\/excursionesenushuaia.com\/pt\/wp-json\/wp\/v2\/product"}],"about":[{"href":"https:\/\/excursionesenushuaia.com\/pt\/wp-json\/wp\/v2\/types\/product"}],"replies":[{"embeddable":true,"href":"https:\/\/excursionesenushuaia.com\/pt\/wp-json\/wp\/v2\/comments?post=614"}],"version-history":[{"count":9,"href":"https:\/\/excursionesenushuaia.com\/pt\/wp-json\/wp\/v2\/product\/614\/revisions"}],"predecessor-version":[{"id":41973,"href":"https:\/\/excursionesenushuaia.com\/pt\/wp-json\/wp\/v2\/product\/614\/revisions\/41973"}],"wp:featuredmedia":[{"embeddable":true,"href":"https:\/\/excursionesenushuaia.com\/pt\/wp-json\/wp\/v2\/media\/42272"}],"wp:attachment":[{"href":"https:\/\/excursionesenushuaia.com\/pt\/wp-json\/wp\/v2\/media?parent=614"}],"wp:term":[{"taxonomy":"product_brand","embeddable":true,"href":"https:\/\/excursionesenushuaia.com\/pt\/wp-json\/wp\/v2\/product_brand?post=614"},{"taxonomy":"product_cat","embeddable":true,"href":"https:\/\/excursionesenushuaia.com\/pt\/wp-json\/wp\/v2\/product_cat?post=614"},{"taxonomy":"product_tag","embeddable":true,"href":"https:\/\/excursionesenushuaia.com\/pt\/wp-json\/wp\/v2\/product_tag?post=614"}],"curies":[{"name":"wp","href":"https:\/\/api.w.org\/{rel}","templated":true}]}}