{"id":620,"date":"2022-12-27T12:49:06","date_gmt":"2022-12-27T12:49:06","guid":{"rendered":"https:\/\/excursionesenushuaia.com\/product\/traslado-hotel-aeropuerto-ida-y-vuelta\/"},"modified":"2026-04-09T10:21:16","modified_gmt":"2026-04-09T13:21:16","slug":"traslado-hotel-aeropuerto","status":"publish","type":"product","link":"https:\/\/excursionesenushuaia.com\/pt\/traslados\/traslado-hotel-aeropuerto\/","title":{"rendered":"Traslado Hotel Aeroporto"},"content":{"rendered":"<h3>\ud83d\ude90\u2708\ufe0f <strong>Traslado Hotel &#8211; Aeropuerto: Comodidad y tranquilidad desde el primer instante<\/strong><\/h3>\n<p class=\"translation-block\">Imagine aterrissar em Ushuaia e, desde o primeiro momento, sentir que <b>algu\u00e9m est\u00e1 esperando por voc\u00ea<\/b> para lev\u00e1-lo confortavelmente at\u00e9 a sua <b>hospedagem<\/b>. Nosso servi\u00e7o de traslado foi pensado especialmente para voc\u00ea, que valoriza a <b>tranquilidade<\/b> de come\u00e7ar sua estadia <b>sem preocupa\u00e7\u00f5es<\/b>.<\/p>\n<p>&nbsp;<\/p>\n<p class=\"translation-block\">Assim que voc\u00ea chegar, <b>estaremos te esperando no aeroporto<\/b> para lev\u00e1-lo diretamente \u00e0 sua hospedagem, garantindo que desde o primeiro segundo voc\u00ea comece a <b>desfrutar da magia<\/b> da cidade mais austral do mundo.<\/p>\n<p>&nbsp;<\/p>\n<p class=\"translation-block\">Al\u00e9m disso, quando chegar a hora de voltar, <b>coordenamos seu traslado de retorno<\/b> ao aeroporto. <b>Duas horas antes do seu voo<\/b>, buscaremos voc\u00ea na porta da sua hospedagem, para que voc\u00ea <b>encerre sua viagem<\/b> de maneira <b>relaxada<\/b>, <b>segura e pontual<\/b>.<\/p>\n<p>&nbsp;<\/p>\n<p class=\"translation-block\"><b>Escolha o conforto e a tranquilidade<\/b> de ter seus traslados garantidos e <b>venha viver Ushuaia desde o primeiro momento<\/b>.<\/p>","protected":false},"excerpt":{"rendered":"<p class=\"translation-block\">Esperamos por voc\u00ea no <b>aeroporto<\/b> e o levamos <b>at\u00e9 a sua acomoda\u00e7\u00e3o<\/b>, ou vice-versa. Um <b>traslado confort\u00e1vel, seguro e pontual<\/b> para a sua chegada ou partida.<\/p>","protected":false},"featured_media":42273,"comment_status":"open","ping_status":"closed","template":"","meta":{"_acf_changed":false,"_joinchat":[]},"product_brand":[],"product_cat":[56],"product_tag":[87,88,89,75],"class_list":{"0":"post-620","1":"product","2":"type-product","3":"status-publish","4":"has-post-thumbnail","6":"product_cat-traslados","7":"product_tag-invierno","8":"product_tag-otonos","9":"product_tag-primavera","10":"product_tag-verano","12":"first","13":"instock","14":"virtual","15":"sold-individually","16":"purchasable","17":"product-type-turitop"},"acf":[],"_links":{"self":[{"href":"https:\/\/excursionesenushuaia.com\/pt\/wp-json\/wp\/v2\/product\/620","targetHints":{"allow":["GET"]}}],"collection":[{"href":"https:\/\/excursionesenushuaia.com\/pt\/wp-json\/wp\/v2\/product"}],"about":[{"href":"https:\/\/excursionesenushuaia.com\/pt\/wp-json\/wp\/v2\/types\/product"}],"replies":[{"embeddable":true,"href":"https:\/\/excursionesenushuaia.com\/pt\/wp-json\/wp\/v2\/comments?post=620"}],"version-history":[{"count":8,"href":"https:\/\/excursionesenushuaia.com\/pt\/wp-json\/wp\/v2\/product\/620\/revisions"}],"predecessor-version":[{"id":45044,"href":"https:\/\/excursionesenushuaia.com\/pt\/wp-json\/wp\/v2\/product\/620\/revisions\/45044"}],"wp:featuredmedia":[{"embeddable":true,"href":"https:\/\/excursionesenushuaia.com\/pt\/wp-json\/wp\/v2\/media\/42273"}],"wp:attachment":[{"href":"https:\/\/excursionesenushuaia.com\/pt\/wp-json\/wp\/v2\/media?parent=620"}],"wp:term":[{"taxonomy":"product_brand","embeddable":true,"href":"https:\/\/excursionesenushuaia.com\/pt\/wp-json\/wp\/v2\/product_brand?post=620"},{"taxonomy":"product_cat","embeddable":true,"href":"https:\/\/excursionesenushuaia.com\/pt\/wp-json\/wp\/v2\/product_cat?post=620"},{"taxonomy":"product_tag","embeddable":true,"href":"https:\/\/excursionesenushuaia.com\/pt\/wp-json\/wp\/v2\/product_tag?post=620"}],"curies":[{"name":"wp","href":"https:\/\/api.w.org\/{rel}","templated":true}]}}