{"id":624,"date":"2021-12-28T23:59:07","date_gmt":"2021-12-28T23:59:07","guid":{"rendered":"https:\/\/excursionesenushuaia.com\/product\/cabalgatas\/"},"modified":"2026-03-28T14:41:38","modified_gmt":"2026-03-28T17:41:38","slug":"cabalgata-de-2-horas","status":"publish","type":"product","link":"https:\/\/excursionesenushuaia.com\/pt\/cabalgatas\/cabalgata-de-2-horas\/","title":{"rendered":"Passeio a cavalo de 2 horas"},"content":{"rendered":"<h3><b>2 horas de viagem<\/b><\/h3>\n<p><span style=\"font-weight: 400\">Descubra o Monte Susana a cavalo: a paisagem do Parque Nacional Tierra del Fuego em sil\u00eancio e tranq\u00fcilidade.<\/span><\/p>\n<p><span style=\"font-weight: 400\">Naturaleza, historia y la paz del bosque\u2026 andando a caballo en el Fin del Mundo<\/span><\/p>\n<p><span style=\"font-weight: 400\">Haciendo esta actividad, vas a recorrer la belleza de los <\/span><span style=\"font-weight: 400\">paisajes del bosque\u00a0<\/span><\/p>\n<p><span style=\"font-weight: 400\">subant\u00e1rtico<\/span><\/p>\n<p><span style=\"font-weight: 400\">Vas a tener la oportunidad de transitar<\/span><\/p>\n<p><b>por zonas a las que muy poca gente accede, disfrutando la naturaleza en total privacidad y silencio.<\/b><\/p>\n<p><span style=\"font-weight: 400\">Caminos transitados por antiguos presidiarios, restos arqueol\u00f3gicos, vistas del mar y si ten\u00e9s ganas\u2026 un asado.\u00a0<\/span><\/p>\n<p><span style=\"font-weight: 400\">Te contamos sobre <\/span><b>cabalgatas en Ushuaia<\/b><span style=\"font-weight: 400\"> ac\u00e1.\u00a0<\/span><\/p>\n<h3><b>2 horas de viagem<\/b><\/h3>\n<p><span style=\"font-weight: 400\">Empezamos a recorrer el <\/span><b>Monte Susana<\/b><span style=\"font-weight: 400\"> a caballo. Transitamos senderos utilizados por los antiguos presidiarios de Ushuaia, durante los a\u00f1os en que talaban los bosques de la zona.<\/span><\/p>\n<p><span style=\"font-weight: 400\">La incre\u00edble flora y fauna del bosque subant\u00e1rtico te va a sorprender\u00e1. Llegamos hasta las costas del Canal Beagle. Desde lejos se pueden ver las imponentes islas Navarino y Hoste, pertenecientes a nuestro pa\u00eds vecino, Chile.<\/span><\/p>","protected":false},"excerpt":{"rendered":"<p>Uma <strong>cabalgata accesible<\/strong> e <strong>guiada<\/strong> por los alrededores del <strong>Monte Susana<\/strong>. Vas a recorrer <strong>florestas<\/strong>, <strong>r\u00edos<\/strong> e a <strong>costa<\/strong> do <strong>Canal Beagle<\/strong>, disfrutando la tranquilidad del paisaje de <strong>Ushuaia<\/strong>.<\/p>","protected":false},"featured_media":42087,"comment_status":"open","ping_status":"closed","template":"","meta":{"_acf_changed":false,"_joinchat":[]},"product_brand":[],"product_cat":[46,876],"product_tag":[89,75],"class_list":{"0":"post-624","1":"product","2":"type-product","3":"status-publish","4":"has-post-thumbnail","6":"product_cat-cabalgatas","7":"product_cat-primavera-verano","8":"product_tag-primavera","9":"product_tag-verano","11":"first","12":"instock","13":"virtual","14":"sold-individually","15":"purchasable","16":"product-type-turitop"},"acf":[],"_links":{"self":[{"href":"https:\/\/excursionesenushuaia.com\/pt\/wp-json\/wp\/v2\/product\/624","targetHints":{"allow":["GET"]}}],"collection":[{"href":"https:\/\/excursionesenushuaia.com\/pt\/wp-json\/wp\/v2\/product"}],"about":[{"href":"https:\/\/excursionesenushuaia.com\/pt\/wp-json\/wp\/v2\/types\/product"}],"replies":[{"embeddable":true,"href":"https:\/\/excursionesenushuaia.com\/pt\/wp-json\/wp\/v2\/comments?post=624"}],"version-history":[{"count":7,"href":"https:\/\/excursionesenushuaia.com\/pt\/wp-json\/wp\/v2\/product\/624\/revisions"}],"predecessor-version":[{"id":41982,"href":"https:\/\/excursionesenushuaia.com\/pt\/wp-json\/wp\/v2\/product\/624\/revisions\/41982"}],"wp:featuredmedia":[{"embeddable":true,"href":"https:\/\/excursionesenushuaia.com\/pt\/wp-json\/wp\/v2\/media\/42087"}],"wp:attachment":[{"href":"https:\/\/excursionesenushuaia.com\/pt\/wp-json\/wp\/v2\/media?parent=624"}],"wp:term":[{"taxonomy":"product_brand","embeddable":true,"href":"https:\/\/excursionesenushuaia.com\/pt\/wp-json\/wp\/v2\/product_brand?post=624"},{"taxonomy":"product_cat","embeddable":true,"href":"https:\/\/excursionesenushuaia.com\/pt\/wp-json\/wp\/v2\/product_cat?post=624"},{"taxonomy":"product_tag","embeddable":true,"href":"https:\/\/excursionesenushuaia.com\/pt\/wp-json\/wp\/v2\/product_tag?post=624"}],"curies":[{"name":"wp","href":"https:\/\/api.w.org\/{rel}","templated":true}]}}