{"id":626,"date":"2021-12-27T12:49:07","date_gmt":"2021-12-27T12:49:07","guid":{"rendered":"https:\/\/excursionesenushuaia.com\/product\/avistaje-de-castores\/"},"modified":"2026-03-12T13:39:19","modified_gmt":"2026-03-12T16:39:19","slug":"avistaje-de-castores","status":"publish","type":"product","link":"https:\/\/excursionesenushuaia.com\/pt\/castores\/avistaje-de-castores\/","title":{"rendered":"Avistamento completo do castor"},"content":{"rendered":"<div class=\"attribute-intro\"><\/div>\n<div>\n<h2>AVISTAJE DE CASTORES:<\/h2>\n<p>Duraci\u00f3n: 4\/5 hs, de 18:00 a 23:00 hs<\/p>\n<p>Dificultad: moderada , apto para toda la familia.<\/p>\n<p>Los buscamos por el hotel y nos dirigimos hacia zona del Valle a unos 20kms de la ciudad.<\/p>\n<p>A caminhada ser\u00e1 em territ\u00f3rio turfoso e florestal, em dire\u00e7\u00e3o \u00e0s fazendas de castor.<\/p>\n<p>Esta \u00e1rea \u00e9 o habitat ideal para estes animais amig\u00e1veis e teremos a oportunidade de visitar v\u00e1rias col\u00f4nias de castores com a certeza de v\u00ea-los em seu estado mais selvagem.<\/p>\n<p>Al\u00e9m de aprender sobre seu habitat e o fato de que eles introduziram castores em nossa terra, aprenderemos sobre a ecologia do lugar, da floresta e das montanhas.<\/p>\n<p>Incluye : cena y traslados.<\/p>\n<\/div>\n<h1>Castores e Castores nas Excurs\u00f5es de Ushuaia<\/h1>\n<p>Nas proximidades de\u00a0<strong>Ushuaia<\/strong>\u00a0Os castores e seu habitat, comumente chamado de \"mamona\", podem ser observados. No Parque Nacional da Terra do Fogo e no Trem do Fim do Mundo eles est\u00e3o muito presentes e suas caracter\u00edsticas podem ser apreciadas.<\/p>\n<h2>O castor e suas col\u00f4nias de castores<\/h2>\n<p>Um roedor semi-aqu\u00e1tico nativo da Am\u00e9rica do Norte, principalmente do Canad\u00e1, foi introduzido na regi\u00e3o da Terra do Fogo em 1946 depois que 25 pares foram soltos no nordeste do Lago Fagnano. Nesta \u00e1rea eles modificaram milhares de hectares de terra e atravessaram o Canal Beagle para o Chile.<\/p>\n<p>O n\u00famero exato de esp\u00e9cimes que vivem na \u00e1rea \u00e9 desconhecido.\u00a0<strong>Ushuaia<\/strong>\u00a0e suas imedia\u00e7\u00f5es, mas estima-se que chegue a 200.000.<\/p>\n<p>Os castores vivem em \u00e1reas frias e ribeirinhas e trabalham como uma comunidade para fazer de suas casas, a \u00fanica esp\u00e9cie depois dos humanos a modificar seu ambiente para viver. As casas de castor (chamadas de barragens ou tocas) s\u00e3o constru\u00eddas para proteg\u00ea-las dos predadores e para o r\u00e1pido acesso \u00e0 comida durante o inverno. Entretanto, sua fun\u00e7\u00e3o \u00e9 interromper o fluxo da corrente, criar uma piscina de \u00e1gua calma para construir mais \"salas\".<\/p>\n<p>Eles podem reconstruir seus ninhos de castor no decorrer de uma noite e s\u00e3o feitos de troncos de \u00e1rvores, lama, galhos e folhas.<\/p>\n<h3>Excurs\u00f5es em Ushuaia para observar col\u00f4nias de castores<\/h3>\n<p>H\u00e1 v\u00e1rios\u00a0<strong>excurs\u00f5es em Ushuaia<\/strong>\u00a0que permitem ver os castores, ativos ou abandonados, mas os dois locais por excel\u00eancia para aprender mais sobre este animal e seu habitat s\u00e3o:<\/p>\n<p>O Parque Nacional Tierra del Fuego: ali voc\u00ea encontrar\u00e1 o \"Paseo de la castorera\" para observar o sistema de barragens que os castores constru\u00edram no riacho que leva seu nome e o impacto desta esp\u00e9cie. Al\u00e9m disso, no \"Paseo del Turbal\" voc\u00ea pode ver uma fazenda de castores abandonada (a 400 metros da Ba\u00eda de Lapataia).<\/p>\n<p>O Trem do Fim do Mundo: Durante sua viagem \u00e9 poss\u00edvel ver antigas fazendas de castores de v\u00e1rios anos, assim como outras atra\u00e7\u00f5es como o rio Pipo e um grande p\u00e2ntano de turfa.<\/p>\n<p>Ao visitar a cidade mais austral do mundo, voc\u00ea deve visitar pelo menos uma planta\u00e7\u00e3o de castores para poder provar que esteve na regi\u00e3o.\u00a0<a href=\"https:\/\/excursionesenushuaia.com\/pt\/Parque-Nacional\/\" target=\"_blank\" rel=\"noreferrer noopener\"><strong>excurs\u00f5es ao Parque Nacional Tierra del Fuego<\/strong><\/a> \u00a0para observar alguns deles?<\/p>\n<div>\n<div><\/div>\n<\/div>","protected":false},"excerpt":{"rendered":"<p>Voc\u00ea ir\u00e1 explorar o <strong>valle<\/strong> e a sua <strong>floresta<\/strong> hasta las <strong>Barragens de castores<\/strong> para descubrir <strong>c\u00f3mo los castores transforman el paisaje<\/strong>. La experiencia termina con una <strong>cena en caba\u00f1a de monta\u00f1a<\/strong>.<\/p>","protected":false},"featured_media":42084,"comment_status":"open","ping_status":"closed","template":"","meta":{"_acf_changed":false,"_joinchat":[]},"product_brand":[],"product_cat":[38,876],"product_tag":[75],"class_list":{"0":"post-626","1":"product","2":"type-product","3":"status-publish","4":"has-post-thumbnail","6":"product_cat-castores","7":"product_cat-primavera-verano","8":"product_tag-verano","10":"first","11":"instock","12":"virtual","13":"sold-individually","14":"purchasable","15":"product-type-turitop"},"acf":[],"_links":{"self":[{"href":"https:\/\/excursionesenushuaia.com\/pt\/wp-json\/wp\/v2\/product\/626","targetHints":{"allow":["GET"]}}],"collection":[{"href":"https:\/\/excursionesenushuaia.com\/pt\/wp-json\/wp\/v2\/product"}],"about":[{"href":"https:\/\/excursionesenushuaia.com\/pt\/wp-json\/wp\/v2\/types\/product"}],"replies":[{"embeddable":true,"href":"https:\/\/excursionesenushuaia.com\/pt\/wp-json\/wp\/v2\/comments?post=626"}],"version-history":[{"count":4,"href":"https:\/\/excursionesenushuaia.com\/pt\/wp-json\/wp\/v2\/product\/626\/revisions"}],"predecessor-version":[{"id":46650,"href":"https:\/\/excursionesenushuaia.com\/pt\/wp-json\/wp\/v2\/product\/626\/revisions\/46650"}],"wp:featuredmedia":[{"embeddable":true,"href":"https:\/\/excursionesenushuaia.com\/pt\/wp-json\/wp\/v2\/media\/42084"}],"wp:attachment":[{"href":"https:\/\/excursionesenushuaia.com\/pt\/wp-json\/wp\/v2\/media?parent=626"}],"wp:term":[{"taxonomy":"product_brand","embeddable":true,"href":"https:\/\/excursionesenushuaia.com\/pt\/wp-json\/wp\/v2\/product_brand?post=626"},{"taxonomy":"product_cat","embeddable":true,"href":"https:\/\/excursionesenushuaia.com\/pt\/wp-json\/wp\/v2\/product_cat?post=626"},{"taxonomy":"product_tag","embeddable":true,"href":"https:\/\/excursionesenushuaia.com\/pt\/wp-json\/wp\/v2\/product_tag?post=626"}],"curies":[{"name":"wp","href":"https:\/\/api.w.org\/{rel}","templated":true}]}}