{"id":627,"date":"2020-12-28T12:49:07","date_gmt":"2020-12-28T12:49:07","guid":{"rendered":"https:\/\/excursionesenushuaia.com\/product\/aventura-4x4-nocturna\/"},"modified":"2026-04-09T11:20:41","modified_gmt":"2026-04-09T14:20:41","slug":"aventura-4x4-nocturna","status":"publish","type":"product","link":"https:\/\/excursionesenushuaia.com\/pt\/aventuras-en-4x4\/aventura-4x4-nocturna\/","title":{"rendered":"Lagos 4x4 Imperd\u00edvel SUNSET"},"content":{"rendered":"<h3><strong>\ud83c\udf38\ud83d\ude99 Lagos 4x4 Imperd\u00edvel Sunset \u2013 Primavera<\/strong><\/h3>\n<p>O passeio <strong>Lagos 4x4 Imperd\u00edvel Sunset em Ushuaia<\/strong> \u00e9 uma proposta diferente: come\u00e7a ao meio-dia e foi pensada para fechar o dia com o retorno ao entardecer, depois de viver a <strong>aventura 4x4<\/strong> e contemplar a imensid\u00e3o do <strong>Lago Fagnano<\/strong>.<\/p>\n<p>A bordo de <strong>caminhonetes 4x4 Toyota Land Cruiser Prado<\/strong>, voc\u00ea vai percorrer a <strong>Rota C\u00eanica Nacional N\u00b03<\/strong>, descobrindo paisagens de primavera, mirantes e cantinhos que mostram a ess\u00eancia de <strong>Terra do Fogo<\/strong>.<\/p>\n<p>A experi\u00eancia come\u00e7a quando <strong>n\u00f3s te buscamos diretamente na sua hospedagem em Ushuaia<\/strong> e seguimos rumo ao norte da ilha. A primeira parada: o <strong>mirante do Vale Carbajal<\/strong>, uma paisagem de <strong>origem glacial<\/strong> rodeado de <strong>turfeiras e montanhas<\/strong>, que nesta esta\u00e7\u00e3o se cobre de verdes e contrasta com os c\u00e9us claros da temporada.<\/p>\n<p>Dali, seguimos para <strong>Siberianos del Fuego<\/strong>, onde os famosos <strong>huskies siberianos<\/strong> esperam com toda a sua energia. Voc\u00ea vai poder chegar perto, fazer carinho neles e descobrir como eles fazem parte da <strong>tradi\u00e7\u00e3o do mushing em Ushuaia<\/strong>, uma das pr\u00e1ticas mais caracter\u00edsticas do lugar.<\/p>\n<p>Na <strong>Villa Las Cotorras<\/strong>, um dos centros invernais hist\u00f3ricos de <strong>Ushuaia<\/strong>, a experi\u00eancia se divide em <strong>duas op\u00e7\u00f5es<\/strong>:<\/p>\n<ul>\n<li>Desfrutar de um <strong>almo\u00e7o completo com uma bebida inclu\u00edda<\/strong>, com o cl\u00e1ssico <strong>cordeiro fueguino \u00e0 vontade<\/strong> como plato principal, u elegir otras opciones como pollo, milanesas o pastas.<\/li>\n<li>Ou escolher as <strong>atividades exclusivas<\/strong>, que incluem um passeio de <strong>quadriciclos<\/strong> e uma <strong>caminhada<\/strong> at\u00e9 uma <strong>castoreira ativa<\/strong>, donde vas a descubrir c\u00f3mo estos animales modelan el paisaje con sus diques.<\/li>\n<\/ul>\n<p>E se ao chegar voc\u00ea quiser ter a <strong>experi\u00eancia completa<\/strong>, pode combinar o almo\u00e7o e as atividades <strong>pagando a diferen\u00e7a na hora.<\/strong>.<\/p>\n<p>A tarde nos leva at\u00e9 o <strong>mirante Paso Garibaldi<\/strong>, de onde se pode desfrutar de dois cart\u00f5es-postais cl\u00e1ssicos de <strong>Terra do Fogo<\/strong>: o <strong>Lago Escondido<\/strong> rodeado por florestas verdes e o imenso <strong>Lago Fagnano<\/strong>, estendendo-se at\u00e9 se perder no horizonte.<\/p>\n<p>Fazemos uma pausa na tradicional <strong>Casona de Mary<\/strong>, antes de adentrarmos na <strong>Reserva Natural Bombilla<\/strong>. Ali come\u00e7a o <strong>o trecho off-road<\/strong>, um dos momentos mais esperados: as <strong>caminhonetes 4x4<\/strong> atravessam lama, ra\u00edzes e trilhas escondidas at\u00e9 chegar \u00e0 costa do <strong>Lago Fagnano<\/strong>.<\/p>\n<p>O grand finale chega neste lago imenso, conhecido pelos povos origin\u00e1rios como <strong>Khami<\/strong>. Seu tamanho \u00e9 t\u00e3o imponente que muitas vezes parece um mar interior. Voc\u00ea ter\u00e1 tempo para caminhar pela margem, tirar fotos e compartilhar uma <strong>picada<\/strong> <strong>\"picada\" com bebidas (\u00e1gua, refrigerante ou vinho)<\/strong>, fechando a experi\u00eancia com a magnitude da paisagem de <strong>Ushuaia<\/strong>.<\/p>\n<p>De qualquer forma que voc\u00ea a viva, a <strong>Imperd\u00edvel Sunset<\/strong> garante uma experi\u00eancia aut\u00eantica de <strong>aventura 4x4<\/strong>, <strong>natureza e gastronomia no Fim do Mundo<\/strong>.<\/p>","protected":false},"excerpt":{"rendered":"<p class=\"translation-block\">Voc\u00ea vai descobrir os <b>lagos Escondido e Fagnano<\/b> em uma <b>aventura 4\u00d74<\/b> \u00e0 tarde, com visita aos <b>huskies<\/b>, <b>op\u00e7\u00e3o<\/b> de atividades ou almo\u00e7o, <b>circuito off road<\/b> e encerrando com <b>petiscos<\/b> de frente para o <b>lago Fagnano<\/b>.<\/p>","protected":false},"featured_media":41689,"comment_status":"open","ping_status":"closed","template":"","meta":{"_acf_changed":false,"_joinchat":[]},"product_brand":[],"product_cat":[44,122,876],"product_tag":[75],"class_list":{"0":"post-627","1":"product","2":"type-product","3":"status-publish","4":"has-post-thumbnail","6":"product_cat-aventuras-en-4x4","7":"product_cat-lagos-escondido-y-fagnano","8":"product_cat-primavera-verano","9":"product_tag-verano","11":"first","12":"instock","13":"virtual","14":"sold-individually","15":"purchasable","16":"product-type-turitop"},"acf":[],"_links":{"self":[{"href":"https:\/\/excursionesenushuaia.com\/pt\/wp-json\/wp\/v2\/product\/627","targetHints":{"allow":["GET"]}}],"collection":[{"href":"https:\/\/excursionesenushuaia.com\/pt\/wp-json\/wp\/v2\/product"}],"about":[{"href":"https:\/\/excursionesenushuaia.com\/pt\/wp-json\/wp\/v2\/types\/product"}],"replies":[{"embeddable":true,"href":"https:\/\/excursionesenushuaia.com\/pt\/wp-json\/wp\/v2\/comments?post=627"}],"version-history":[{"count":7,"href":"https:\/\/excursionesenushuaia.com\/pt\/wp-json\/wp\/v2\/product\/627\/revisions"}],"predecessor-version":[{"id":42354,"href":"https:\/\/excursionesenushuaia.com\/pt\/wp-json\/wp\/v2\/product\/627\/revisions\/42354"}],"wp:featuredmedia":[{"embeddable":true,"href":"https:\/\/excursionesenushuaia.com\/pt\/wp-json\/wp\/v2\/media\/41689"}],"wp:attachment":[{"href":"https:\/\/excursionesenushuaia.com\/pt\/wp-json\/wp\/v2\/media?parent=627"}],"wp:term":[{"taxonomy":"product_brand","embeddable":true,"href":"https:\/\/excursionesenushuaia.com\/pt\/wp-json\/wp\/v2\/product_brand?post=627"},{"taxonomy":"product_cat","embeddable":true,"href":"https:\/\/excursionesenushuaia.com\/pt\/wp-json\/wp\/v2\/product_cat?post=627"},{"taxonomy":"product_tag","embeddable":true,"href":"https:\/\/excursionesenushuaia.com\/pt\/wp-json\/wp\/v2\/product_tag?post=627"}],"curies":[{"name":"wp","href":"https:\/\/api.w.org\/{rel}","templated":true}]}}