{"id":6651,"date":"2022-08-17T03:27:06","date_gmt":"2022-08-17T03:27:06","guid":{"rendered":"https:\/\/excursionesenushuaia.com\/?post_type=product&#038;p=6651"},"modified":"2026-03-28T16:14:21","modified_gmt":"2026-03-28T19:14:21","slug":"paquete-para-2-dias-primavera","status":"publish","type":"product","link":"https:\/\/excursionesenushuaia.com\/pt\/paquetes-primavera\/paquete-para-2-dias-primavera\/","title":{"rendered":"Pacote para 2 dias Primavera"},"content":{"rendered":"<h2>Paquete para 2 d\u00edas de primavera.<\/h2>\n<p>Se voc\u00ea tiver apenas\u00a0<b>2 dias em Ushuaia<\/b>, e voc\u00ea quer aproveitar o m\u00e1ximo poss\u00edvel, n\u00f3s mostramos a voc\u00ea\u00a0<b>as melhores excurs\u00f5es a fazer em Ushuaia em dois dias inteiros<\/b>.<\/p>\n<p>A proposta <strong>paquete para dos d\u00edas de primavera<\/strong> \u00e9 super comprimida, mas se voc\u00ea ficar mais dias, ela pode ser organizada em um plano mais relaxado.<\/p>\n<ul>\n<li>Dia 1 em Ushuaia<\/li>\n<\/ul>\n<p>Despreoc\u00fapate de tu movilidad desde y hacia el aeropuerto, nosotros nos vamos a encargar de todo, contactanos para coordinar los horarios.<\/p>\n<p>Voc\u00ea ter\u00e1 o primeiro dia inteiro para caminhar pelo movimentado centro da cidade ou outros pontos emblem\u00e1ticos, ou para descansar de uma viagem exaustiva..<\/p>\n<ul>\n<li>Dia 2 em Ushuaia:<\/li>\n<\/ul>\n<p><b>Parque Nacional + Trem do Fim do Mundo \/\/ Navega\u00e7\u00e3o pelo Canal Beagle: Lobos e Farol<br \/>\n<\/b><\/p>\n<p>\u00c0s 9 da manh\u00e3, esteja esperando na recep\u00e7\u00e3o de sua acomoda\u00e7\u00e3o, pois n\u00f3s o pegaremos para ir e descobrir \u00edcones, hist\u00f3ria jovem e nossa<\/p>\n<p><b><a href=\"https:\/\/excursionesenushuaia.com\/pt\/informacion-general\/excursion-al-parque-nacional-tierra-del-fuego\/\">Parque Nacional Tierra del Fuego<\/a> + <a href=\"https:\/\/excursionesenushuaia.com\/pt\/informacion-general\/el-tren-del-fin-del-mundo-uno-de-los-atractivos-de-ushuaia\/\">Trem do Fim do Mundo<\/a><\/b>.<\/p>\n<p>Voltaremos \u00e0s 13:30 hs.<\/p>\n<p>(Aqui voc\u00ea tem uma hora para o almo\u00e7o, h\u00e1 muitas alternativas no centro da cidade, mesmo no mesmo quarteir\u00e3o do nosso\u00a0<b>ag\u00eancia <a href=\"https:\/\/www.infodeushuaia.com\/\" target=\"_blank\" rel=\"noopener\">Info De Ushuaia<\/a><\/b>)<\/p>\n<p>\u00c0s 14.30hs, como exploradores ou nativos, voc\u00ea descobrir\u00e1 uma das excurs\u00f5es mais populares em Ushuaia.<\/p>\n<p>Iremos realizar o\u00a0<strong>Navega\u00e7\u00e3o no Canal Beagle: Col\u00f4nia de Ping\u00fcins, <\/strong>onde voc\u00ea pode apreciar as maravilhosas paisagens do Canal Beagle e tamb\u00e9m observar a fauna que ali vive.<\/p>","protected":false},"excerpt":{"rendered":"<p><strong>Dos d\u00edas de experiencias<\/strong> para redescubrir <strong>Ushuaia<\/strong> cuando todo <strong>florece<\/strong>. D\u00edas m\u00e1s <strong>agradables<\/strong>, <strong>paisajes verdes<\/strong> y excursiones ideales para disfrutar la <strong>natureza<\/strong> en pleno despertar.<\/p>","protected":false},"featured_media":42229,"comment_status":"open","ping_status":"closed","template":"","meta":{"_acf_changed":false,"_joinchat":[]},"product_brand":[],"product_cat":[103],"product_tag":[89],"class_list":{"0":"post-6651","1":"product","2":"type-product","3":"status-publish","4":"has-post-thumbnail","6":"product_cat-paquetes-primavera","7":"product_tag-primavera","9":"first","10":"instock","11":"virtual","12":"sold-individually","13":"purchasable","14":"product-type-turitop"},"acf":[],"_links":{"self":[{"href":"https:\/\/excursionesenushuaia.com\/pt\/wp-json\/wp\/v2\/product\/6651","targetHints":{"allow":["GET"]}}],"collection":[{"href":"https:\/\/excursionesenushuaia.com\/pt\/wp-json\/wp\/v2\/product"}],"about":[{"href":"https:\/\/excursionesenushuaia.com\/pt\/wp-json\/wp\/v2\/types\/product"}],"replies":[{"embeddable":true,"href":"https:\/\/excursionesenushuaia.com\/pt\/wp-json\/wp\/v2\/comments?post=6651"}],"version-history":[{"count":4,"href":"https:\/\/excursionesenushuaia.com\/pt\/wp-json\/wp\/v2\/product\/6651\/revisions"}],"predecessor-version":[{"id":43553,"href":"https:\/\/excursionesenushuaia.com\/pt\/wp-json\/wp\/v2\/product\/6651\/revisions\/43553"}],"wp:featuredmedia":[{"embeddable":true,"href":"https:\/\/excursionesenushuaia.com\/pt\/wp-json\/wp\/v2\/media\/42229"}],"wp:attachment":[{"href":"https:\/\/excursionesenushuaia.com\/pt\/wp-json\/wp\/v2\/media?parent=6651"}],"wp:term":[{"taxonomy":"product_brand","embeddable":true,"href":"https:\/\/excursionesenushuaia.com\/pt\/wp-json\/wp\/v2\/product_brand?post=6651"},{"taxonomy":"product_cat","embeddable":true,"href":"https:\/\/excursionesenushuaia.com\/pt\/wp-json\/wp\/v2\/product_cat?post=6651"},{"taxonomy":"product_tag","embeddable":true,"href":"https:\/\/excursionesenushuaia.com\/pt\/wp-json\/wp\/v2\/product_tag?post=6651"}],"curies":[{"name":"wp","href":"https:\/\/api.w.org\/{rel}","templated":true}]}}