{"id":6666,"date":"2022-08-17T03:32:56","date_gmt":"2022-08-17T03:32:56","guid":{"rendered":"https:\/\/excursionesenushuaia.com\/?post_type=product&#038;p=6666"},"modified":"2026-04-14T12:16:54","modified_gmt":"2026-04-14T15:16:54","slug":"paquete-de-3-dias-de-primavera","status":"publish","type":"product","link":"https:\/\/excursionesenushuaia.com\/pt\/paquetes-primavera\/paquete-de-3-dias-de-primavera\/","title":{"rendered":"Pacote para 3 dias Primavera"},"content":{"rendered":"<p><span style=\"font-weight: 400\">Preparamos um pacote super completo de 3 dias com quatro excurs\u00f5es para passar o <strong>ver\u00e3o<\/strong><\/span><b> em Ushuaia.\u00a0<\/b><\/p>\n<p><b>Pacote de ver\u00e3o de 3 dias: O que fazer em Ushuaia em tr\u00eas dias<\/b><\/p>\n<p><span style=\"font-weight: 400\">Propomos este itiner\u00e1rio para conhecer e desfrutar da Terra do Fogo.<\/span><\/p>\n<p>&nbsp;<\/p>\n<h3><b>Dia 1 - Ver\u00e3o em Ushuaia<\/b><\/h3>\n<p><span style=\"font-weight: 400\">Iremos busc\u00e1-lo no aeroporto e lev\u00e1-lo ao seu hotel. Bem-vindo \u00e0 nossa cidade Ushuaia! <\/span><\/p>\n<h3><b>Dia 2 | Dia <\/b><b>Ver\u00e3o <\/b><b>em Ushuaia<\/b><\/h3>\n<p>Passaremos para busc\u00e1-lo no seu hotel \u00e0s 8:00 horas e voltaremos ao centro da cidade \u00e0s 13:30 horas. Voc\u00ea explorar\u00e1 o \u00fanico parque nacional da Argentina que combina mar, floresta e montanhas, com a oportunidade de reviver nossa hist\u00f3ria no famoso trem de prisioneiros.<br \/>\n*O ingresso ao Parque Nacional n\u00e3o est\u00e1 inclu\u00eddo, \u00e9 pago em dinheiro na chegada \u00e0 esta\u00e7\u00e3o.<\/p>\n<p>\u00c0 tarde sa\u00edmos do Porto de Ushuaia para nossa Navega\u00e7\u00e3o pelo Canal de Beagle, onde visitaremos a Ilha dos P\u00e1ssaros, Le\u00f5es Marinhos, o famoso Farol Les \u00c9claireurs (erroneamente chamado de Farol do Fim do Mundo) e um passeio pela Ilha Karelo. Sa\u00edmos todos os dias.<\/p>\n<h3><b>Dia 3 | Dia 3 <\/b><b>Ver\u00e3o <\/b><b>em Ushuaia<\/b><\/h3>\n<p>Voc\u00ea vai viver a aventura mais divertida de um dia inteiro. Passaremos para busc\u00e1-lo no seu hotel \u00e0s 9:00 horas e iremos rumo ao norte para cruzar a Cordilheira dos Andes. Voc\u00ea visitar\u00e1 os grandes lagos da Terra do Fogo e desfrutar\u00e1 de um almo\u00e7o \u00e0s margens do Lago Fagnano que inclui aperitivos, churrasco argentino, chorip\u00e1n, salada, vinho, bebidas n\u00e3o alco\u00f3licas e sobremesa. Tamb\u00e9m temos menu para cel\u00edacos e vegetarianos. Deixamos voc\u00ea em seu hotel \u00e0s 17h.<\/p>\n<h3><\/h3>\n<h3><b>Pronto para desfrutar de seu pacote de excurs\u00f5es de ver\u00e3o?<\/b><\/h3>\n<p>&nbsp;<\/p>","protected":false},"excerpt":{"rendered":"<p><strong>Tres d\u00edas de experiencias<\/strong> para redescubrir <strong>Ushuaia<\/strong> cuando todo florece. Vas a vivir las <strong>excursiones imperdibles de la temporada<\/strong>, con paisajes, ping\u00fcinos y la energ\u00eda renovada del <strong>Fim do Mundo<\/strong>.<\/p>","protected":false},"featured_media":42033,"comment_status":"open","ping_status":"closed","template":"","meta":{"_acf_changed":false,"_joinchat":[]},"product_brand":[],"product_cat":[103],"product_tag":[89],"class_list":{"0":"post-6666","1":"product","2":"type-product","3":"status-publish","4":"has-post-thumbnail","6":"product_cat-paquetes-primavera","7":"product_tag-primavera","9":"first","10":"instock","11":"virtual","12":"sold-individually","13":"purchasable","14":"product-type-turitop"},"acf":[],"_links":{"self":[{"href":"https:\/\/excursionesenushuaia.com\/pt\/wp-json\/wp\/v2\/product\/6666","targetHints":{"allow":["GET"]}}],"collection":[{"href":"https:\/\/excursionesenushuaia.com\/pt\/wp-json\/wp\/v2\/product"}],"about":[{"href":"https:\/\/excursionesenushuaia.com\/pt\/wp-json\/wp\/v2\/types\/product"}],"replies":[{"embeddable":true,"href":"https:\/\/excursionesenushuaia.com\/pt\/wp-json\/wp\/v2\/comments?post=6666"}],"version-history":[{"count":7,"href":"https:\/\/excursionesenushuaia.com\/pt\/wp-json\/wp\/v2\/product\/6666\/revisions"}],"predecessor-version":[{"id":43546,"href":"https:\/\/excursionesenushuaia.com\/pt\/wp-json\/wp\/v2\/product\/6666\/revisions\/43546"}],"wp:featuredmedia":[{"embeddable":true,"href":"https:\/\/excursionesenushuaia.com\/pt\/wp-json\/wp\/v2\/media\/42033"}],"wp:attachment":[{"href":"https:\/\/excursionesenushuaia.com\/pt\/wp-json\/wp\/v2\/media?parent=6666"}],"wp:term":[{"taxonomy":"product_brand","embeddable":true,"href":"https:\/\/excursionesenushuaia.com\/pt\/wp-json\/wp\/v2\/product_brand?post=6666"},{"taxonomy":"product_cat","embeddable":true,"href":"https:\/\/excursionesenushuaia.com\/pt\/wp-json\/wp\/v2\/product_cat?post=6666"},{"taxonomy":"product_tag","embeddable":true,"href":"https:\/\/excursionesenushuaia.com\/pt\/wp-json\/wp\/v2\/product_tag?post=6666"}],"curies":[{"name":"wp","href":"https:\/\/api.w.org\/{rel}","templated":true}]}}