{"id":6672,"date":"2022-08-17T04:42:38","date_gmt":"2022-08-17T04:42:38","guid":{"rendered":"https:\/\/excursionesenushuaia.com\/?post_type=product&#038;p=6672"},"modified":"2026-04-13T11:04:33","modified_gmt":"2026-04-13T14:04:33","slug":"paquete-de-3-dias-de-otono","status":"publish","type":"product","link":"https:\/\/excursionesenushuaia.com\/pt\/paquetes-otono\/paquete-de-3-dias-de-otono\/","title":{"rendered":"Pacote para 3 dias Outono"},"content":{"rendered":"<p>Preparamos um pacote super completo de 3 dias com quatro excurs\u00f5es para passar o <b>Outono em Ushuaia. <\/b>En el tercer d\u00eda hacemos un trekking y te damos dos opciones para que elijas c\u00f3mo terminar tu viaje. Preparate para las mejores actividades de oto\u00f1o durante abril, mayo y junio<\/p>\n<p><b>Pacote de outono de 3 dias: O que fazer em Ushuaia em tr\u00eas dias<\/b><\/p>\n<p>Propomos este itiner\u00e1rio para conhecer e desfrutar da Terra do Fogo.<\/p>\n<h3><b>Dia 1 - Outono em Ushuaia<\/b><\/h3>\n<p>Iremos busc\u00e1-lo no aeroporto e lev\u00e1-lo ao seu hotel. Bem-vindo \u00e0 nossa cidade Ushuaia!<\/p>\n<h3><b>Dia 2 | Outono em Ushuaia<\/b><\/h3>\n<p>Passaremos para busc\u00e1-lo no seu hotel \u00e0s 8:00 horas e voltaremos ao centro da cidade \u00e0s 14:40 horas. Voc\u00ea explorar\u00e1 o \u00fanico parque nacional da Argentina que combina mar, floresta e montanhas, com a oportunidade de reviver nossa hist\u00f3ria no famoso trem de prisioneiros.<br \/>\n*O ingresso ao Parque Nacional n\u00e3o est\u00e1 inclu\u00eddo, \u00e9 pago em dinheiro na chegada \u00e0 esta\u00e7\u00e3o.<\/p>\n<p>\u00c0 tarde sa\u00edmos do Porto de Ushuaia para nossa Navega\u00e7\u00e3o pelo Canal de Beagle, onde visitaremos a Ilha dos P\u00e1ssaros, Le\u00f5es Marinhos, o famoso Farol Les \u00c9claireurs (erroneamente chamado de Farol do Fim do Mundo) e um passeio pela Ilha Karelo. Sa\u00edmos todos os dias.<\/p>\n<h3><b>Dia 3 | Outono em Ushuaia<\/b><\/h3>\n<p>Voc\u00ea vai viver a aventura mais divertida de um dia inteiro. Passaremos para busc\u00e1-lo no seu hotel \u00e0s 9:00 horas e iremos rumo ao norte para cruzar a Cordilheira dos Andes. Voc\u00ea visitar\u00e1 os grandes lagos da Terra do Fogo e desfrutar\u00e1 de um almo\u00e7o \u00e0s margens do Lago Fagnano que inclui aperitivos, churrasco argentino, chorip\u00e1n, salada, vinho, bebidas n\u00e3o alco\u00f3licas e sobremesa. Tamb\u00e9m temos menu para cel\u00edacos e vegetarianos. Deixamos voc\u00ea em seu hotel \u00e0s 17h.<\/p>\n<h3><b>Pronto para aproveitar seu pacote de excurs\u00e3o de outono?<\/b><\/h3>","protected":false},"excerpt":{"rendered":"<p class=\"translation-block\"><strong>Tr\u00eas dias de experi\u00eancias<\/strong> para desfrutar <strong>Ushuaia<\/strong> em sua vers\u00e3o mais tranquila e colorida. Voc\u00ea far\u00e1 as <strong>excurs\u00f5es imperd\u00edveis<\/strong>, cercado por paisagens de florestas tingidas de vermelho e dourado.<\/p>","protected":false},"featured_media":42037,"comment_status":"open","ping_status":"closed","template":"","meta":{"_acf_changed":false,"_joinchat":[]},"product_brand":[],"product_cat":[102],"product_tag":[88],"class_list":{"0":"post-6672","1":"product","2":"type-product","3":"status-publish","4":"has-post-thumbnail","6":"product_cat-paquetes-otono","7":"product_tag-otonos","9":"first","10":"instock","11":"virtual","12":"sold-individually","13":"purchasable","14":"product-type-turitop"},"acf":[],"_links":{"self":[{"href":"https:\/\/excursionesenushuaia.com\/pt\/wp-json\/wp\/v2\/product\/6672","targetHints":{"allow":["GET"]}}],"collection":[{"href":"https:\/\/excursionesenushuaia.com\/pt\/wp-json\/wp\/v2\/product"}],"about":[{"href":"https:\/\/excursionesenushuaia.com\/pt\/wp-json\/wp\/v2\/types\/product"}],"replies":[{"embeddable":true,"href":"https:\/\/excursionesenushuaia.com\/pt\/wp-json\/wp\/v2\/comments?post=6672"}],"version-history":[{"count":3,"href":"https:\/\/excursionesenushuaia.com\/pt\/wp-json\/wp\/v2\/product\/6672\/revisions"}],"predecessor-version":[{"id":43379,"href":"https:\/\/excursionesenushuaia.com\/pt\/wp-json\/wp\/v2\/product\/6672\/revisions\/43379"}],"wp:featuredmedia":[{"embeddable":true,"href":"https:\/\/excursionesenushuaia.com\/pt\/wp-json\/wp\/v2\/media\/42037"}],"wp:attachment":[{"href":"https:\/\/excursionesenushuaia.com\/pt\/wp-json\/wp\/v2\/media?parent=6672"}],"wp:term":[{"taxonomy":"product_brand","embeddable":true,"href":"https:\/\/excursionesenushuaia.com\/pt\/wp-json\/wp\/v2\/product_brand?post=6672"},{"taxonomy":"product_cat","embeddable":true,"href":"https:\/\/excursionesenushuaia.com\/pt\/wp-json\/wp\/v2\/product_cat?post=6672"},{"taxonomy":"product_tag","embeddable":true,"href":"https:\/\/excursionesenushuaia.com\/pt\/wp-json\/wp\/v2\/product_tag?post=6672"}],"curies":[{"name":"wp","href":"https:\/\/api.w.org\/{rel}","templated":true}]}}