{"id":6674,"date":"2022-08-17T04:43:08","date_gmt":"2022-08-17T04:43:08","guid":{"rendered":"https:\/\/excursionesenushuaia.com\/?post_type=product&#038;p=6674"},"modified":"2026-03-28T16:05:49","modified_gmt":"2026-03-28T19:05:49","slug":"paquete-de-3-dias-de-invierno","status":"publish","type":"product","link":"https:\/\/excursionesenushuaia.com\/pt\/paquetes-invierno\/paquete-de-3-dias-de-invierno\/","title":{"rendered":"Pacote para 3 dias Inverno"},"content":{"rendered":"<h2><b>Paquete de invierno: \u00bfQu\u00e9 hacer en Ushuaia en tres d\u00edas?<\/b><\/h2>\n<h2><\/h2>\n<h2><span style=\"font-weight: 400\">Preparamos um pacote super completo de 3 dias com quatro excurs\u00f5es para passar o <\/span><b>Invierno en Ushuaia. <\/b><span style=\"font-weight: 400\">No terceiro dia faremos trekking e daremos duas op\u00e7\u00f5es para voc\u00ea escolher como terminar sua viagem.<\/span><\/h2>\n<h2><\/h2>\n<p><span style=\"font-weight: 400\">Propomos este itiner\u00e1rio para conhecer e desfrutar da Terra do Fogo.<\/span><\/p>\n<p>&nbsp;<\/p>\n<h3><b>Dia 1 - Inverno em Ushuaia<\/b><\/h3>\n<p><span style=\"font-weight: 400\">A primeira excurs\u00e3o \u00e9 <\/span><span style=\"font-weight: 400\">Parque Nacional Tierra del Fuego + Trem do Fim do Mundo. <\/span><span style=\"font-weight: 400\">Combinamos la visita al parque con un paseo en el famoso tren de los presos. A la ma\u00f1ana te pasamos a buscar por tu alojamiento para que no tengas que preocuparte por nada.<\/span><span style=\"font-weight: 400\"><br \/>\n<\/span><span style=\"font-weight: 400\"><br \/>\n<\/span><span style=\"font-weight: 400\">Volvemos al centro y ten\u00e9s una hora y media para almorzar.<\/span><span style=\"font-weight: 400\"><br \/>\n<\/span><span style=\"font-weight: 400\"><br \/>\n<\/span><span style=\"font-weight: 400\">A segunda excurs\u00e3o \u00e9 uma <\/span><span style=\"font-weight: 400\">Navega\u00e7\u00e3o da Col\u00f4nia de Ping\u00fcins do Canal Beagle. <\/span><span style=\"font-weight: 400\">\u00a0Partimos \u00e0s 15h30 do porto de Ushuaia, que voc\u00ea pode alcan\u00e7ar a p\u00e9 a partir do centro da cidade. Navegaremos atrav\u00e9s das \u00e1guas do Canal Beagle e voc\u00ea ter\u00e1 sua foto tirada no famoso farol Les Eclaireurs!<\/span><span style=\"font-weight: 400\"><br \/>\n<\/span><span style=\"font-weight: 400\"><br \/>\n<\/span><span style=\"font-weight: 400\">Voc\u00ea sabia que n\u00e3o \u00e9 realmente o Farol do Fim do Mundo?<\/span><span style=\"font-weight: 400\">\u00a0<\/span><\/p>\n<h3><b>Dia 2 - Inverno em Ushuaia<\/b><\/h3>\n<p><span style=\"font-weight: 400\">A excurs\u00e3o do dia \u00e9 <\/span><span style=\"font-weight: 400\">Lagos Fora de Estrada<\/span><span style=\"font-weight: 400\">famoso por ser extremamente divertido e adrenalinizado. <\/span><b>Voc\u00ea visitar\u00e1 lagos glaciais em trilhas selvagens. <\/b><span style=\"font-weight: 400\">e voc\u00ea tirar\u00e1 as melhores fotos como uma lembran\u00e7a.\u00a0<\/span><\/p>\n<p><span style=\"font-weight: 400\">Somos a \u00fanica empresa de turismo que utiliza a Toyota Land Cruisers para esta expedi\u00e7\u00e3o: ve\u00edculos de alta gama, confort\u00e1veis e \u00e0 prova de som. O almo\u00e7o \u00e9 um churrasco (com op\u00e7\u00f5es vegetarianas) nas margens do Lago Fagnano. Al\u00e9m disso, voc\u00ea visitar\u00e1 um centro de treinamento para c\u00e3es de tren\u00f3: os c\u00e3es de tren\u00f3 suaves huskies.\u00a0<\/span><\/p>\n<h3><b>Dia 3 - Inverno em Ushuaia<\/b><\/h3>\n<p><b>Dia Branco:<\/b> comienza cerca de las 9 hs, \u00a1y es la excursi\u00f3n ideal para conocer la nieve!<\/p>\n<p>Vas a disfrutar entre caminatas, paseos de motos de nieve, bajadas en culipat\u00edn, risas y muchas pero muchas experiencias para llevarse a casa, pero no sin antes, disfrutar del famoso Cordero Fueguino.<\/p>\n<p>Obviamente, hay otras opciones de men\u00fa, incluso para vegetarianos, veganos y cel\u00edacos (aclararlo porfa al momento de reservar).<\/p>\n<h3><b>Pronto para desfrutar de seu pacote de caminhadas de inverno?<\/b><\/h3>\n<p><span style=\"font-weight: 400\">Ao clicar no bot\u00e3o abaixo, ser\u00e1 exibido o calend\u00e1rio para reservar cada uma das excurs\u00f5es. Siga as etapas: elas aparecer\u00e3o em ordem at\u00e9 que todas as excurs\u00f5es do pacote estejam conclu\u00eddas. Escolha o dia, a hora e o n\u00famero de pessoas que voc\u00ea quer para cada um.<\/span><\/p>","protected":false},"excerpt":{"rendered":"<p>Pacote de inverno de 3 dias para aproveitar sua estadia em Ushuaia<\/p>","protected":false},"featured_media":42034,"comment_status":"open","ping_status":"closed","template":"","meta":{"_acf_changed":false,"_joinchat":[]},"product_brand":[],"product_cat":[101],"product_tag":[87],"class_list":{"0":"post-6674","1":"product","2":"type-product","3":"status-publish","4":"has-post-thumbnail","6":"product_cat-paquetes-invierno","7":"product_tag-invierno","9":"first","10":"instock","11":"virtual","12":"sold-individually","13":"purchasable","14":"product-type-turitop"},"acf":[],"_links":{"self":[{"href":"https:\/\/excursionesenushuaia.com\/pt\/wp-json\/wp\/v2\/product\/6674","targetHints":{"allow":["GET"]}}],"collection":[{"href":"https:\/\/excursionesenushuaia.com\/pt\/wp-json\/wp\/v2\/product"}],"about":[{"href":"https:\/\/excursionesenushuaia.com\/pt\/wp-json\/wp\/v2\/types\/product"}],"replies":[{"embeddable":true,"href":"https:\/\/excursionesenushuaia.com\/pt\/wp-json\/wp\/v2\/comments?post=6674"}],"version-history":[{"count":5,"href":"https:\/\/excursionesenushuaia.com\/pt\/wp-json\/wp\/v2\/product\/6674\/revisions"}],"predecessor-version":[{"id":38777,"href":"https:\/\/excursionesenushuaia.com\/pt\/wp-json\/wp\/v2\/product\/6674\/revisions\/38777"}],"wp:featuredmedia":[{"embeddable":true,"href":"https:\/\/excursionesenushuaia.com\/pt\/wp-json\/wp\/v2\/media\/42034"}],"wp:attachment":[{"href":"https:\/\/excursionesenushuaia.com\/pt\/wp-json\/wp\/v2\/media?parent=6674"}],"wp:term":[{"taxonomy":"product_brand","embeddable":true,"href":"https:\/\/excursionesenushuaia.com\/pt\/wp-json\/wp\/v2\/product_brand?post=6674"},{"taxonomy":"product_cat","embeddable":true,"href":"https:\/\/excursionesenushuaia.com\/pt\/wp-json\/wp\/v2\/product_cat?post=6674"},{"taxonomy":"product_tag","embeddable":true,"href":"https:\/\/excursionesenushuaia.com\/pt\/wp-json\/wp\/v2\/product_tag?post=6674"}],"curies":[{"name":"wp","href":"https:\/\/api.w.org\/{rel}","templated":true}]}}