{"id":6678,"date":"2022-08-17T13:30:13","date_gmt":"2022-08-17T13:30:13","guid":{"rendered":"https:\/\/excursionesenushuaia.com\/?post_type=product&#038;p=6678"},"modified":"2026-03-28T16:01:56","modified_gmt":"2026-03-28T19:01:56","slug":"paquete-para-2-dias-invierno","status":"publish","type":"product","link":"https:\/\/excursionesenushuaia.com\/pt\/paquetes-invierno\/paquete-para-2-dias-invierno\/","title":{"rendered":"Pacote para 2 dias Inverno"},"content":{"rendered":"<h2>\u00bfQu\u00e9 hacer en 2 d\u00edas en Ushuaia?<\/h2>\n<p>Se voc\u00ea tiver apenas\u00a0<b>2 dias em Ushuaia<\/b>, e voc\u00ea quer aproveitar o m\u00e1ximo poss\u00edvel, n\u00f3s mostramos a voc\u00ea\u00a0<b>as melhores excurs\u00f5es a fazer em Ushuaia em dois dias inteiros<\/b>.<\/p>\n<p>Esta proposta \u00e9 super comprimida, mas se voc\u00ea ficar mais dias, ela pode ser organizada em um plano mais relaxado.<\/p>\n<p>Este paquete incluye traslados desde y hasta el aeropuerto y ademas de eso incluye las siguiente excursiones.<\/p>\n<ul>\n<li>Dia 1 em Ushuaia<\/li>\n<\/ul>\n<p>\u00c0s 9 da manh\u00e3, esteja esperando na recep\u00e7\u00e3o de sua acomoda\u00e7\u00e3o, pois n\u00f3s o pegaremos para ir e descobrir \u00edcones, hist\u00f3ria jovem e nossa<\/p>\n<p><b>Parque Nacional Terra do Fogo + Trem do Fim do Mundo<\/b>.<\/p>\n<p>Voltaremos \u00e0s 13:30 hs.<\/p>\n<p>(Aqui voc\u00ea tem uma hora para o almo\u00e7o, h\u00e1 muitas alternativas no centro da cidade, mesmo no mesmo quarteir\u00e3o do nosso\u00a0<b>Info De Ushuaia \u00ae Ag\u00eancia de Viagens<\/b>)<\/p>\n<p>\u00c0s 14.30hs, como exploradores ou nativos, voc\u00ea descobrir\u00e1 uma das excurs\u00f5es mais populares em Ushuaia.<\/p>\n<p>O\u00a0<b>Navega\u00e7\u00e3o do Canal Beagle\u00a0<\/b>\u00e9 muito mais do que apenas um passeio de catamar\u00e3 no\u00a0<b>Canal Onashaga.<\/b><\/p>\n<p>\u00c9 o ambiente natural de nossos Y\u00e1manas nativos, os cano\u00edstas do\u00a0<b>\"canal dos ca\u00e7adores\".<\/b><\/p>\n<p>Voc\u00ea conhecer\u00e1 a mais ampla variedade de vida selvagem local, o\u00a0<b>Ilha do p\u00e1ssaro<\/b>, o<b>\u00a0Isla de los Lobos<\/b>\u00a0Marinheiros, um pequeno\u00a0<b>caminhar em uma das Ilhas Pontes<\/b>\u00a0e a foto que todos querem ter: os nomes errados\u00a0<b>Farol no fim do mundo<\/b>.<\/p>\n<p>&nbsp;<\/p>\n<ul>\n<li>Dia 2 em Ushuaia:<\/li>\n<\/ul>\n<p><strong>D\u00cdA BLANCO: <\/strong>Partida desde el hotel rumbo al centro invernal \u201cVilla Las Cotorras\u201d, donde te estar\u00e1 esperando un d\u00eda lleno de emoci\u00f3n y diversi\u00f3n para disfrutar de experiencias como una caminata con raquetas de nieve, un recorrido en motos de nieve a trav\u00e9s de la planicie que nos presenta el valle \u201cLas cotorras\u201d y un rato de diversi\u00f3n para los m\u00e1s chicos (y los no tan chicos) desliz\u00e1ndonos en culipatines.<\/p>\n<p>Tambi\u00e9n disfrutar\u00e1s de un rico almuerzo que se basa en un cl\u00e1sico \u201ccor dero fueguino\u201d o pastas + guarnici\u00f3n.<\/p>\n<p>Quando retornarmos, deixaremos voc\u00ea no centro da cidade para que possa saborear um delicioso chocolate quente.<\/p>","protected":false},"excerpt":{"rendered":"<p>Pacote de inverno de 2 dias. Dois dias super completos, 4 excurs\u00f5es no total.<\/p>","protected":false},"featured_media":42031,"comment_status":"open","ping_status":"closed","template":"","meta":{"_acf_changed":false,"_joinchat":[]},"product_brand":[],"product_cat":[101],"product_tag":[87],"class_list":{"0":"post-6678","1":"product","2":"type-product","3":"status-publish","4":"has-post-thumbnail","6":"product_cat-paquetes-invierno","7":"product_tag-invierno","9":"first","10":"instock","11":"virtual","12":"sold-individually","13":"purchasable","14":"product-type-turitop"},"acf":[],"_links":{"self":[{"href":"https:\/\/excursionesenushuaia.com\/pt\/wp-json\/wp\/v2\/product\/6678","targetHints":{"allow":["GET"]}}],"collection":[{"href":"https:\/\/excursionesenushuaia.com\/pt\/wp-json\/wp\/v2\/product"}],"about":[{"href":"https:\/\/excursionesenushuaia.com\/pt\/wp-json\/wp\/v2\/types\/product"}],"replies":[{"embeddable":true,"href":"https:\/\/excursionesenushuaia.com\/pt\/wp-json\/wp\/v2\/comments?post=6678"}],"version-history":[{"count":1,"href":"https:\/\/excursionesenushuaia.com\/pt\/wp-json\/wp\/v2\/product\/6678\/revisions"}],"predecessor-version":[{"id":16764,"href":"https:\/\/excursionesenushuaia.com\/pt\/wp-json\/wp\/v2\/product\/6678\/revisions\/16764"}],"wp:featuredmedia":[{"embeddable":true,"href":"https:\/\/excursionesenushuaia.com\/pt\/wp-json\/wp\/v2\/media\/42031"}],"wp:attachment":[{"href":"https:\/\/excursionesenushuaia.com\/pt\/wp-json\/wp\/v2\/media?parent=6678"}],"wp:term":[{"taxonomy":"product_brand","embeddable":true,"href":"https:\/\/excursionesenushuaia.com\/pt\/wp-json\/wp\/v2\/product_brand?post=6678"},{"taxonomy":"product_cat","embeddable":true,"href":"https:\/\/excursionesenushuaia.com\/pt\/wp-json\/wp\/v2\/product_cat?post=6678"},{"taxonomy":"product_tag","embeddable":true,"href":"https:\/\/excursionesenushuaia.com\/pt\/wp-json\/wp\/v2\/product_tag?post=6678"}],"curies":[{"name":"wp","href":"https:\/\/api.w.org\/{rel}","templated":true}]}}