{"id":6680,"date":"2022-08-17T13:33:11","date_gmt":"2022-08-17T13:33:11","guid":{"rendered":"https:\/\/excursionesenushuaia.com\/?post_type=product&#038;p=6680"},"modified":"2026-04-10T14:49:31","modified_gmt":"2026-04-10T17:49:31","slug":"paquete-para-2-dias-otono","status":"publish","type":"product","link":"https:\/\/excursionesenushuaia.com\/pt\/paquetes-otono\/paquete-para-2-dias-otono\/","title":{"rendered":"Pacote para 2 Dias Outono"},"content":{"rendered":"<p><span style=\"font-weight: 400\">Te preparamos un paquete de 2 d\u00edas Oto\u00f1o s\u00faper completos con las mejores excursiones para pasar el <\/span><b>Oto\u00f1o. <\/b><span style=\"font-weight: 400\">\u00a0te damos dos opciones para que elijas c\u00f3mo terminar tu viaje.<\/span><\/p>\n<p><b>Paquete de 2 dias de Oto\u00f1o: Qu\u00e9 hacer en Ushuaia en 2 d\u00edas<\/b><\/p>\n<p><span style=\"font-weight: 400\">Propomos este itiner\u00e1rio para conhecer e desfrutar da Terra do Fogo.<\/span><\/p>\n<p><span style=\"font-weight: 400\">\u00a0<\/span><\/p>\n<h3><b>Dia 1 - Outono em Ushuaia<\/b><\/h3>\n<p><span style=\"font-weight: 400\">Iremos busc\u00e1-lo no aeroporto e lev\u00e1-lo ao seu hotel. Bem-vindo \u00e0 nossa cidade Ushuaia!<\/span><\/p>\n<h3><b>Dia 2 | Outono em Ushuaia<\/b><\/h3>\n<p><span style=\"font-weight: 400\">Passaremos para busc\u00e1-lo no seu hotel \u00e0s 8:00 horas e voltaremos ao centro da cidade \u00e0s 14:40 horas. Voc\u00ea explorar\u00e1 o \u00fanico parque nacional da Argentina que combina mar, floresta e montanhas, com a oportunidade de reviver nossa hist\u00f3ria no famoso trem de prisioneiros.<\/span><span style=\"font-weight: 400\"><br \/>\n<\/span><span style=\"font-weight: 400\">*O ingresso ao Parque Nacional n\u00e3o est\u00e1 inclu\u00eddo, \u00e9 pago em dinheiro na chegada \u00e0 esta\u00e7\u00e3o.<\/span><\/p>\n<p><span style=\"font-weight: 400\">\u00c0 tarde sa\u00edmos do Porto de Ushuaia para nossa Navega\u00e7\u00e3o pelo Canal de Beagle, onde visitaremos a Ilha dos P\u00e1ssaros, Le\u00f5es Marinhos, o famoso Farol Les \u00c9claireurs (erroneamente chamado de Farol do Fim do Mundo) e um passeio pela Ilha Karelo. Sa\u00edmos todos os dias.<\/span><\/p>\n<h3><b>Pronto para aproveitar seu pacote de excurs\u00e3o de outono?<\/b><\/h3>","protected":false},"excerpt":{"rendered":"<p class=\"translation-block\"><strong>Dois dias de aventuras<\/strong> para desfrutar <strong>Ushuaia<\/strong> em sua <strong>temporada mais tranquila e colorida<\/strong>. Florestas avermelhadas, ar fresco e experi\u00eancias pensadas para viver o <strong>Fim do Mundo<\/strong> com calma e paisagens \u00fanicas.<\/p>","protected":false},"featured_media":42036,"comment_status":"open","ping_status":"closed","template":"","meta":{"_acf_changed":false,"_joinchat":[]},"product_brand":[],"product_cat":[102],"product_tag":[88],"class_list":{"0":"post-6680","1":"product","2":"type-product","3":"status-publish","4":"has-post-thumbnail","6":"product_cat-paquetes-otono","7":"product_tag-otonos","9":"first","10":"instock","11":"virtual","12":"sold-individually","13":"purchasable","14":"product-type-turitop"},"acf":[],"_links":{"self":[{"href":"https:\/\/excursionesenushuaia.com\/pt\/wp-json\/wp\/v2\/product\/6680","targetHints":{"allow":["GET"]}}],"collection":[{"href":"https:\/\/excursionesenushuaia.com\/pt\/wp-json\/wp\/v2\/product"}],"about":[{"href":"https:\/\/excursionesenushuaia.com\/pt\/wp-json\/wp\/v2\/types\/product"}],"replies":[{"embeddable":true,"href":"https:\/\/excursionesenushuaia.com\/pt\/wp-json\/wp\/v2\/comments?post=6680"}],"version-history":[{"count":8,"href":"https:\/\/excursionesenushuaia.com\/pt\/wp-json\/wp\/v2\/product\/6680\/revisions"}],"predecessor-version":[{"id":43548,"href":"https:\/\/excursionesenushuaia.com\/pt\/wp-json\/wp\/v2\/product\/6680\/revisions\/43548"}],"wp:featuredmedia":[{"embeddable":true,"href":"https:\/\/excursionesenushuaia.com\/pt\/wp-json\/wp\/v2\/media\/42036"}],"wp:attachment":[{"href":"https:\/\/excursionesenushuaia.com\/pt\/wp-json\/wp\/v2\/media?parent=6680"}],"wp:term":[{"taxonomy":"product_brand","embeddable":true,"href":"https:\/\/excursionesenushuaia.com\/pt\/wp-json\/wp\/v2\/product_brand?post=6680"},{"taxonomy":"product_cat","embeddable":true,"href":"https:\/\/excursionesenushuaia.com\/pt\/wp-json\/wp\/v2\/product_cat?post=6680"},{"taxonomy":"product_tag","embeddable":true,"href":"https:\/\/excursionesenushuaia.com\/pt\/wp-json\/wp\/v2\/product_tag?post=6680"}],"curies":[{"name":"wp","href":"https:\/\/api.w.org\/{rel}","templated":true}]}}