{"id":6706,"date":"2020-03-03T03:05:04","date_gmt":"2020-03-03T03:05:04","guid":{"rendered":"https:\/\/excursionesenushuaia.com\/?post_type=product&#038;p=6706"},"modified":"2026-04-10T12:40:32","modified_gmt":"2026-04-10T15:40:32","slug":"travesia-lagos-4x4","status":"publish","type":"product","link":"https:\/\/excursionesenushuaia.com\/pt\/aventuras-en-4x4\/travesia-lagos-4x4\/","title":{"rendered":"Lagos 4\u00d74 Imperd\u00edvel"},"content":{"rendered":"<h1>Lagos 4\u00d74 Imperd\u00edvel<\/h1>\n<p><span style=\"font-weight: 400\">O passeio <\/span><b>Lagos 4&#215;4 Imperdible en Ushuaia<\/b><span style=\"font-weight: 400\"> es la opci\u00f3n ideal para quienes quieren vivir un d\u00eda de aventura en <\/span><b>cidade mais austral do mundo <\/b><span style=\"font-weight: 400\">combinando paisajes \u00fanicos, naturaleza, historia y la adrenalina del todoterreno. A bordo de camionetas 4&#215;4 <\/span><b>Toyota Land Cruiser Prado<\/b><span style=\"font-weight: 400\">, voc\u00ea vai percorrer a <\/span><b>Rota C\u00eanica Nacional N\u00b03<\/b><span style=\"font-weight: 400\">, descobrindo mirantes, centros de inverno e cantinhos que mostram a ess\u00eancia de <\/span><b>Terra do Fogo<\/b><span style=\"font-weight: 400\">.<\/span><\/p>\n<p><span style=\"font-weight: 400\">La aventura te lleva al mirador <\/span><b>Vale do Carbajal<\/b><span style=\"font-weight: 400\">, rodeado de turberas y monta\u00f1as; al criadero de perritos huskies siberianos de <\/span><b>Siberianos del Fuego<\/b><span style=\"font-weight: 400\">, onde voc\u00ea vai encontrar esses cachorrinhos cheios de energia; e em seguida, para o mirante do <\/span><b>Passe Garibaldi<\/b><span style=\"font-weight: 400\">, nossa passagem transcordilheirana, com vistas para os<\/span><b> Lagos Escondido e Fagnano<\/b><span style=\"font-weight: 400\">.<\/span><\/p>\n<p class=\"translation-block\">Fazemos uma pausa na <strong>Casona de Mary<\/strong>, um cl\u00e1ssico da rota, e continuamos em dire\u00e7\u00e3o \u00e0 <strong>Reserva Natural Bombilla<\/strong>. L\u00e1 come\u00e7a o mais esperado: o <strong>trecho off-road<\/strong>, com lama, bosques e trilhas que apenas <strong>um verdadeiro motorista especialista em 4x4 pode atravessar<\/strong>. O destino \u00e9 a costa do <strong>Lago Fagnano<\/strong>, onde espera por voc\u00ea uma <strong>t\u00e1bua de frios com bebidas<\/strong> e tempo livre para desfrutar de um dos maiores lagos do nosso pa\u00eds.<\/p>\n<p class=\"translation-block\">Com esta proposta, <strong>voc\u00ea pode escolher<\/strong> com qual op\u00e7\u00e3o encerrar o seu dia:<\/p>\n<ul>\n<li style=\"font-weight: 400\" class=\"translation-block\">Com um <strong>almo\u00e7o em Villa Las Cotorras<\/strong>, centro invernal hist\u00f3rico reconhecido pelo seu cl\u00e1ssico <strong>cordeiro fueguino livre<\/strong> e outras op\u00e7\u00f5es caseiras como massas, milanesas ou frango.<\/li>\n<li style=\"font-weight: 400\" class=\"translation-block\">Ou com <strong>atividades ao ar livre<\/strong>, que incluem um passeio de <strong>quadriciclo<\/strong> e uma caminhada at\u00e9 uma <strong>castoreira ativa<\/strong>, onde voc\u00ea conhecer\u00e1 de perto como esses animais modificaram a paisagem.<\/li>\n<\/ul>\n<p class=\"translation-block\">E se ao chegar na <strong>Villa Las Cotorras<\/strong> voc\u00ea quiser adicionar a experi\u00eancia completa (com <strong>almo\u00e7o e atividades<\/strong>), poder\u00e1 faz\u00ea-lo sem problemas pagando a diferen\u00e7a no momento.<\/p>\n<p><span style=\"font-weight: 400\">De qualquer maneira, voc\u00ea retornar\u00e1 para a sua\/o seu <\/span><b>acomoda\u00e7\u00e3o em Ushuaia<\/b><span style=\"font-weight: 400\"> con la satisfacci\u00f3n de haber vivido una <\/span><b>jornada completa <\/b><span style=\"font-weight: 400\">de <\/span><b>aventura 4x4<\/b><span style=\"font-weight: 400\">, <\/span><b>natureza <\/b><span style=\"font-weight: 400\">e <\/span><b>experiencias aut\u00e9nticas del Fin del Mundo.<\/b><\/p>","protected":false},"excerpt":{"rendered":"<p class=\"translation-block\">Descubra os <b>lagos Escondido e Fagnano<\/b> em <b>4\u00d74<\/b>, com visita aos <b>huskies<\/b>, <b>circuito off road<\/b> e a possibilidade de <b>escolher<\/b> entre <b>atividades na natureza<\/b> ou <b>almo\u00e7o<\/b> em <b>Villa Las Cotorras<\/b>.<\/p>","protected":false},"featured_media":42292,"comment_status":"open","ping_status":"closed","template":"","meta":{"_acf_changed":false,"_joinchat":[]},"product_brand":[],"product_cat":[44],"product_tag":[87,88,89,75],"class_list":{"0":"post-6706","1":"product","2":"type-product","3":"status-publish","4":"has-post-thumbnail","6":"product_cat-aventuras-en-4x4","7":"product_tag-invierno","8":"product_tag-otonos","9":"product_tag-primavera","10":"product_tag-verano","12":"first","13":"instock","14":"virtual","15":"sold-individually","16":"purchasable","17":"product-type-turitop"},"acf":[],"_links":{"self":[{"href":"https:\/\/excursionesenushuaia.com\/pt\/wp-json\/wp\/v2\/product\/6706","targetHints":{"allow":["GET"]}}],"collection":[{"href":"https:\/\/excursionesenushuaia.com\/pt\/wp-json\/wp\/v2\/product"}],"about":[{"href":"https:\/\/excursionesenushuaia.com\/pt\/wp-json\/wp\/v2\/types\/product"}],"replies":[{"embeddable":true,"href":"https:\/\/excursionesenushuaia.com\/pt\/wp-json\/wp\/v2\/comments?post=6706"}],"version-history":[{"count":12,"href":"https:\/\/excursionesenushuaia.com\/pt\/wp-json\/wp\/v2\/product\/6706\/revisions"}],"predecessor-version":[{"id":46747,"href":"https:\/\/excursionesenushuaia.com\/pt\/wp-json\/wp\/v2\/product\/6706\/revisions\/46747"}],"wp:featuredmedia":[{"embeddable":true,"href":"https:\/\/excursionesenushuaia.com\/pt\/wp-json\/wp\/v2\/media\/42292"}],"wp:attachment":[{"href":"https:\/\/excursionesenushuaia.com\/pt\/wp-json\/wp\/v2\/media?parent=6706"}],"wp:term":[{"taxonomy":"product_brand","embeddable":true,"href":"https:\/\/excursionesenushuaia.com\/pt\/wp-json\/wp\/v2\/product_brand?post=6706"},{"taxonomy":"product_cat","embeddable":true,"href":"https:\/\/excursionesenushuaia.com\/pt\/wp-json\/wp\/v2\/product_cat?post=6706"},{"taxonomy":"product_tag","embeddable":true,"href":"https:\/\/excursionesenushuaia.com\/pt\/wp-json\/wp\/v2\/product_tag?post=6706"}],"curies":[{"name":"wp","href":"https:\/\/api.w.org\/{rel}","templated":true}]}}