{"id":6710,"date":"2022-08-18T04:35:58","date_gmt":"2022-08-18T04:35:58","guid":{"rendered":"https:\/\/excursionesenushuaia.com\/?post_type=product&#038;p=6710"},"modified":"2026-04-09T15:38:25","modified_gmt":"2026-04-09T18:38:25","slug":"buceo-de-bautismo","status":"publish","type":"product","link":"https:\/\/excursionesenushuaia.com\/pt\/buceo\/buceo-de-bautismo\/","title":{"rendered":"Descubra o Mergulho Aut\u00f4nomo"},"content":{"rendered":"<p><strong>Descubra o Mergulho Aut\u00f4nomo<\/strong><\/p>\n<p>&nbsp;<\/p>\n<p>Se trata de una maravillosa y \u00fanica experiencia en las profundidades de las aguas del famoso\u00a0<a href=\"https:\/\/excursionesenushuaia.com\/pt\/informacion-general\/la-fauna-marina-del-canal-beagle-que-se-puede-ver-en-la-navegacion\/\"><b>Canal Beagle<\/b>.<\/a> Tendr\u00e1s la oportunidad de sumergirte en un lugar incre\u00edble, donde las aguas se encuentran con las monta\u00f1as, para descubrir los secretos y maravillas ocultas en el fondo del mar. Durante la excursi\u00f3n, tendr\u00e1s la posibilidad de ver algas gigantes, espectaculares naufragios, medusas, centollas, y maravillosas sorpresas que saldr\u00e1n a tu encuentro.<\/p>\n<p>Se trata de un programa que puede realizarse a lo largo de todo el a\u00f1o, excepto los d\u00edas de mucho viento en que las aguas se encuentran un poco revueltas y la visibilidad no es tan buena. As\u00ed tambi\u00e9n en verano, la gran cantidad de plancton disminuye bastante la visibilidad.<\/p>\n<p>El agua es realmente muy fr\u00eda y es por esto que se necesita un equipo especial,\u00a0el cual es completamente provisto por los gu\u00edas. Las temperaturas oscilan entre 2 y 4 grados durante el invierno y entre 8 y 10 grados en verano.<\/p>\n<p>Quando voc\u00ea mergulha nas \u00e1guas do\u00a0<b>Canal Beagle<\/b>\u00a0Voc\u00ea descobrir\u00e1 o que se parece muito com uma floresta submersa, e \u00e9 verdadeiramente espetacular quando os raios do sol iluminam as profundezas. A profundidade alcan\u00e7ada \u00e9 de cerca de 12 metros.<\/p>\n<p>Outro local de mergulho altamente recomendado s\u00e3o as Ilhas Pontes, que oferecem paredes espetaculares e profundidades pouco profundas. Aqui os locais mais recomendados s\u00e3o Karelo, Canalcito e Iturrieta.<\/p>\n<p>Cualquiera puede hacer <b>\u00a0buceo de bautismo en Ushuaia<\/b>, desde los expertos hasta los principiantes. Si es tu primera vez, lo m\u00e1s recomendable es que visites sitios como Paso Chico ubicado en la Isla Dos Lomos. Es aqu\u00ed donde a 8 metros de profundidad se pueden apreciar los restos de un velero que naufrag\u00f3 durante una fuerte tormenta.<\/p>\n<p>Entre los grandes atractivos que ofrece este programa se encuentra la posibilidad de apreciar la flora y fauna de la zona del<b>\u00a0Canal Beagle<\/b>, la cual es realmente muy rica.<\/p>\n<p>Aqui voc\u00ea encontrar\u00e1 uma esp\u00e9cie de algas conhecida como \"Cachiyuyos\", que se caracterizam por seu grande comprimento, pois podem atingir at\u00e9 30 e 40 metros, o que ajuda a atenuar a ondula\u00e7\u00e3o. Voc\u00ea tamb\u00e9m pode encontrar algas \"Luche\", que s\u00e3o de cor vermelha brilhante e podem ser comidas.<\/p>\n<p>Tambi\u00e9n es posible admirar por\u00edferos, una especie que vive adherida al fondo como las esponjas blancas y naranjas, tambi\u00e9n las an\u00e9monas, que se encuentran debajo de las rocas, y las enormes aguas vivas, que se encuentran suspendidas en el agua.<\/p>\n<p>Outras esp\u00e9cies facilmente encontradas s\u00e3o estrelas do mar, ouri\u00e7os-do-mar, pepinos do mar e milhares de moluscos presos \u00e0s rochas, como mexilh\u00f5es e mexilh\u00f5es, caranguejos-aranha de at\u00e9 um metro de di\u00e2metro, pescada do sul e sardinhas fuegianas.<\/p>\n<div class=\"attribute-intro\"><\/div>\n<div class=\"attribute-caption\">\n<div class=\"ezxmltext\">\n<p>&nbsp;<\/p>\n<\/div>\n<\/div>","protected":false},"excerpt":{"rendered":"<p>Vas a vivir <strong>tu primera experiencia de buceo<\/strong> no <strong>Ushuaia<\/strong>, acompa\u00f1ado por <strong>instructores profesionales<\/strong>, descubriendo los <strong>paisajes submarinos<\/strong> e a <strong>fauna marina del Canal Beagle<\/strong>.<\/p>","protected":false},"featured_media":42268,"comment_status":"open","ping_status":"closed","template":"","meta":{"_acf_changed":false,"_joinchat":[]},"product_brand":[],"product_cat":[105],"product_tag":[87,88,89,75],"class_list":{"0":"post-6710","1":"product","2":"type-product","3":"status-publish","4":"has-post-thumbnail","6":"product_cat-buceo","7":"product_tag-invierno","8":"product_tag-otonos","9":"product_tag-primavera","10":"product_tag-verano","12":"first","13":"instock","14":"virtual","15":"sold-individually","16":"purchasable","17":"product-type-turitop"},"acf":[],"_links":{"self":[{"href":"https:\/\/excursionesenushuaia.com\/pt\/wp-json\/wp\/v2\/product\/6710","targetHints":{"allow":["GET"]}}],"collection":[{"href":"https:\/\/excursionesenushuaia.com\/pt\/wp-json\/wp\/v2\/product"}],"about":[{"href":"https:\/\/excursionesenushuaia.com\/pt\/wp-json\/wp\/v2\/types\/product"}],"replies":[{"embeddable":true,"href":"https:\/\/excursionesenushuaia.com\/pt\/wp-json\/wp\/v2\/comments?post=6710"}],"version-history":[{"count":2,"href":"https:\/\/excursionesenushuaia.com\/pt\/wp-json\/wp\/v2\/product\/6710\/revisions"}],"predecessor-version":[{"id":45040,"href":"https:\/\/excursionesenushuaia.com\/pt\/wp-json\/wp\/v2\/product\/6710\/revisions\/45040"}],"wp:featuredmedia":[{"embeddable":true,"href":"https:\/\/excursionesenushuaia.com\/pt\/wp-json\/wp\/v2\/media\/42268"}],"wp:attachment":[{"href":"https:\/\/excursionesenushuaia.com\/pt\/wp-json\/wp\/v2\/media?parent=6710"}],"wp:term":[{"taxonomy":"product_brand","embeddable":true,"href":"https:\/\/excursionesenushuaia.com\/pt\/wp-json\/wp\/v2\/product_brand?post=6710"},{"taxonomy":"product_cat","embeddable":true,"href":"https:\/\/excursionesenushuaia.com\/pt\/wp-json\/wp\/v2\/product_cat?post=6710"},{"taxonomy":"product_tag","embeddable":true,"href":"https:\/\/excursionesenushuaia.com\/pt\/wp-json\/wp\/v2\/product_tag?post=6710"}],"curies":[{"name":"wp","href":"https:\/\/api.w.org\/{rel}","templated":true}]}}