{"id":718,"date":"2022-12-28T11:54:00","date_gmt":"2022-12-28T11:54:00","guid":{"rendered":"https:\/\/excursionesenushuaia.com\/product\/trekking-glaciar-vinciguerra-3\/"},"modified":"2026-04-11T16:57:38","modified_gmt":"2026-04-11T19:57:38","slug":"trekking-glaciar-vinciguerra","status":"publish","type":"product","link":"https:\/\/excursionesenushuaia.com\/pt\/trekking\/trekking-glaciar-vinciguerra\/","title":{"rendered":"Trekking na Geleira Vinciguerra"},"content":{"rendered":"<p><strong>Trekking Glaciar Vinciguerra:<\/strong><\/p>\n<p><span style=\"font-weight: 400\">Animate a recorrer las cuevas de hielo y la Laguna de los T\u00e9mpanos en el Glaciar Vinciguerra<\/span><\/p>\n<p><span style=\"font-weight: 400\">Se voc\u00ea alguma vez quisesse sentir<\/span><\/p>\n<p><span style=\"font-weight: 400\">dentro do filme da Idade do Gelo, voc\u00ea vai adorar a caminhada da geleira Vinciguerra.<\/span><\/p>\n<p><span style=\"font-weight: 400\">Caminharemos at\u00e9 a geleira e tamb\u00e9m at\u00e9 a<\/span><b> Lago Los T\u00e9mpanos<\/b><span style=\"font-weight: 400\">. A geleira em si n\u00e3o \u00e9 \"and\u00e1vel\" por causa do enorme n\u00famero de fendas.<\/span><\/p>\n<p><span style=\"font-weight: 400\">Mas o que vamos fazer \u00e9 <\/span><b>entrar nas incr\u00edveis cavernas de gelo.<\/b><span style=\"font-weight: 400\"> Voc\u00ea encontrar\u00e1 um mundo celestial maravilhoso de fendas e buracos naufragados.<\/span><\/p>\n<p><span style=\"font-weight: 400\">N\u00e3o \u00e9 qualquer um que pode obter essas fotos na Instagram!<\/span><b> A caminhada tem 13 quil\u00f4metros de comprimento, a diferen\u00e7a de altitude \u00e9 de 650 metros e a dificuldade \u00e9 m\u00e9dia. <\/b><span style=\"font-weight: 400\">\u00c9 necess\u00e1rio ter um certo n\u00edvel de treinamento e aptid\u00e3o f\u00edsica para poder completar a caminhada, pois \u00e9 uma atividade muito dif\u00edcil.<\/span><\/p>\n<p><span style=\"font-weight: 400\">Voc\u00ea est\u00e1 \u00e0 altura do desafio?<\/span><\/p>\n<p>&nbsp;<\/p>\n<p><b>Duraci\u00f3n del paseo:<\/b>\u00a0aproximadamente entre 7 y 9 horas. (Calcular unas 6 u 8 horas de trekking)<\/p>\n<p><b>Temporada<\/b>: Todo el a\u00f1o. Entre los meses\u00a0<b>de octubre y abril<\/b>, sujeto a condiciones clim\u00e1ticas.<\/p>\n<p><b>Exigencias<\/b>:<\/p>\n<p>Excursi\u00f3n de dificultad exigente (Nivel II). Es necesario contar con cierto entrenamiento y estado f\u00edsico para poder completar el paseo.<\/p>\n<p><b>Desniveles y distancias:<\/b><\/p>\n<p>El recorrido a pie abarca un total de 13 kil\u00f3metros. El recorrido total, incluyendo traslados es de 16 kil\u00f3metros. La excursi\u00f3n parte a 150 metros sobre el nivel del mar, y el\u00a0<b>Vinciguerra Glaciar Trekking<\/b>\u00a0se encuentra a 800 metros sobre el nivel del mar, lo cual arroja un desnivel de 650 metros.<\/p>\n<p><b>Salidas:<\/b>\u00a0Cupo m\u00ednimo de 4 personas para realizar la experiencia.<\/p>\n<p><b>Itinerario:<\/b><\/p>\n<p>Te pasamos a buscar por la puerta de su hotel y nos dirigimos hacia el norte de Ushuaia, m\u00e1s precisamente hacia el Valle de Andorra, \u00a0sitio donde comienza la senda que se deber\u00e1 recorrer para llegar al Glaciar Vinciguerra<\/p>\n<p>Ao longo da trilha voc\u00ea pode desfrutar de uma variedade de paisagens, incluindo p\u00e2ntanos de turfa, florestas exuberantes e termina no famoso Valle de Altura del R\u00edo de la Leche, que est\u00e1 localizado nas imedia\u00e7\u00f5es do Glaciar. Este \u00e9 o lugar ideal para desfrutar das mais maravilhosas vistas da regi\u00e3o.<\/p>\n<p>El camino contin\u00faa por el costado del r\u00edo y se alcanza la<b>\u00a0Lagoa Los T\u00e9mpanos<\/b>\u00a0de aguas lechosas, caracter\u00edsticas del deshielo del Glaciar. Aqu\u00ed es posible realizar un descanso para continuar luego bordeando la laguna hasta que se aparece imponente el Glaciar.<\/p>\n<p>Podr\u00e1s apreciar el glaciar pero no caminar sobre el debido a la enorme cantidad de grietas (aunque s\u00ed podremos ingresar a sus cuevas!). El paseo revelar\u00e1 un mundo maravilloso de grietas y sumideros que podr\u00e1s inmortalizar en fotograf\u00edas!<\/p>\n<p>Uma vez terminada a caminhada no gelo, o retorno ao hotel \u00e9 retomado.<\/p>\n<p><b>Destacados<\/b>:<\/p>\n<ul>\n<li>Cuevas del glaciar<\/li>\n<li>Lagoa Los T\u00e9mpanos<\/li>\n<li>Paisajes y vistas panor\u00e1micas de la zona y sus alrededores.<\/li>\n<li>Avistamiento de flora y fauna, sobre todo de las aves del bosque.<\/li>\n<li>Apreciaci\u00f3n del glaciar colgante.<\/li>\n<li>Entorno natural.<\/li>\n<\/ul>","protected":false},"excerpt":{"rendered":"<p>Un trekking para quienes buscan <strong>aventura exigente<\/strong>. Vas a llegar a la <strong>Lagoa Los T\u00e9mpanos<\/strong> y al <strong>Vinciguerra Glaciar Trekking<\/strong>, combinando <strong>monta\u00f1a, bosque y paisajes \u00fanicos de Ushuaia<\/strong>.<\/p>","protected":false},"featured_media":42274,"comment_status":"open","ping_status":"closed","template":"","meta":{"_acf_changed":false,"_joinchat":[]},"product_brand":[],"product_cat":[114],"product_tag":[87,88,89,75],"class_list":{"0":"post-718","1":"product","2":"type-product","3":"status-publish","4":"has-post-thumbnail","6":"product_cat-trekking","7":"product_tag-invierno","8":"product_tag-otonos","9":"product_tag-primavera","10":"product_tag-verano","12":"first","13":"instock","14":"virtual","15":"sold-individually","16":"purchasable","17":"product-type-turitop"},"acf":[],"_links":{"self":[{"href":"https:\/\/excursionesenushuaia.com\/pt\/wp-json\/wp\/v2\/product\/718","targetHints":{"allow":["GET"]}}],"collection":[{"href":"https:\/\/excursionesenushuaia.com\/pt\/wp-json\/wp\/v2\/product"}],"about":[{"href":"https:\/\/excursionesenushuaia.com\/pt\/wp-json\/wp\/v2\/types\/product"}],"replies":[{"embeddable":true,"href":"https:\/\/excursionesenushuaia.com\/pt\/wp-json\/wp\/v2\/comments?post=718"}],"version-history":[{"count":11,"href":"https:\/\/excursionesenushuaia.com\/pt\/wp-json\/wp\/v2\/product\/718\/revisions"}],"predecessor-version":[{"id":50635,"href":"https:\/\/excursionesenushuaia.com\/pt\/wp-json\/wp\/v2\/product\/718\/revisions\/50635"}],"wp:featuredmedia":[{"embeddable":true,"href":"https:\/\/excursionesenushuaia.com\/pt\/wp-json\/wp\/v2\/media\/42274"}],"wp:attachment":[{"href":"https:\/\/excursionesenushuaia.com\/pt\/wp-json\/wp\/v2\/media?parent=718"}],"wp:term":[{"taxonomy":"product_brand","embeddable":true,"href":"https:\/\/excursionesenushuaia.com\/pt\/wp-json\/wp\/v2\/product_brand?post=718"},{"taxonomy":"product_cat","embeddable":true,"href":"https:\/\/excursionesenushuaia.com\/pt\/wp-json\/wp\/v2\/product_cat?post=718"},{"taxonomy":"product_tag","embeddable":true,"href":"https:\/\/excursionesenushuaia.com\/pt\/wp-json\/wp\/v2\/product_tag?post=718"}],"curies":[{"name":"wp","href":"https:\/\/api.w.org\/{rel}","templated":true}]}}