{"id":8883,"date":"2021-12-28T12:34:17","date_gmt":"2021-12-28T15:34:17","guid":{"rendered":"https:\/\/excursionesenushuaia.com\/?post_type=product&#038;p=8883"},"modified":"2026-04-09T12:24:47","modified_gmt":"2026-04-09T15:24:47","slug":"dia-blanco","status":"publish","type":"product","link":"https:\/\/excursionesenushuaia.com\/pt\/nieve\/dia-blanco\/","title":{"rendered":"Dia Branco"},"content":{"rendered":"<h1><b>\u2744\ufe0fD\u00eda Blanco: la excursi\u00f3n invernal en Ushuaia m\u00e1s completa<\/b><\/h1>\n<p><span style=\"font-weight: 400\">\u00bfTe imagin\u00e1s viviendo un<\/span><b> d\u00eda m\u00e1gico<\/b><span style=\"font-weight: 400\">, rodeado por los paisajes nevados de Ushuaia y disfrutando de las actividades invernales exclusivas del Fin del Mundo?\u00a0<\/span><b>Dia Branco<\/b><span style=\"font-weight: 400\"> es mucho m\u00e1s que una excursi\u00f3n: es una <\/span><b>experiencia completa en la nieve <\/b><span style=\"font-weight: 400\">que combina <\/span><b>naturaleza, diversi\u00f3n y las actividades invernales m\u00e1s buscadas de Ushuaia.<\/b><\/p>\n<p><span style=\"font-weight: 400\">\u00a0<\/span><\/p>\n<p><span style=\"font-weight: 400\">Desde el momento en que <\/span><b>te pasamos a buscar por tu alojamiento<\/b><span style=\"font-weight: 400\"> vas a saber que te espera un <\/span><b>d\u00eda m\u00e1gico<\/b><span style=\"font-weight: 400\"> para vivir el <\/span><b>invierno de Ushuaia.<\/b><span style=\"font-weight: 400\"> Tu experiencia arranca conociendo un encantador <\/span><b>canil de cachorros husky siberianoS<\/b><span style=\"font-weight: 400\">, uno de los momentos m\u00e1s especiales del d\u00eda.\u00a0<\/span><\/p>\n<p class=\"translation-block\">Voc\u00ea n\u00e3o apenas conhecer\u00e1 o <strong>dia a dia dos mais de 130 cachorrinhos<\/strong> que mant\u00eam viva a <strong>cultura do Mushing em Usuhaia<\/strong>, mas tamb\u00e9m poder\u00e1 <strong>se aproximar, brincar com eles, tirar fotos<\/strong> e conhecer de perto esses <strong>famosos cachorrinhos, s\u00edmbolos do inverno no Fim do Mundo<\/strong>.<\/p>\n<p><span style=\"font-weight: 400\">\u00a0<\/span><\/p>\n<p><span style=\"font-weight: 400\">\u00a1Y en<\/span><b> Villa Las Cotorras<\/b><span style=\"font-weight: 400\"> te esperan las<\/span><b> actividades invernales m\u00e1s buscadas de Ushuaia<\/b><span style=\"font-weight: 400\">, para que las vivas<\/span><b> en primera persona<\/b><span style=\"font-weight: 400\">! En este <\/span><b>centro invernal hist\u00f3rico de Ushuaia<\/b><span style=\"font-weight: 400\">,\u00a0 tu <\/span><b>experi\u00eancia <\/b><span style=\"font-weight: 400\">continua con la <\/span><b>emo\u00e7\u00e3o <\/b><span style=\"font-weight: 400\">\u00fanica de recorrer el<\/span><b> valle nevado <\/b><span style=\"font-weight: 400\">manejando <\/span><b>motos de nieve<\/b><span style=\"font-weight: 400\">, sintiendo c\u00f3mo la <\/span><b>adrenalina <\/b><span style=\"font-weight: 400\">e a <\/span><b>divers\u00e3o <\/b><span style=\"font-weight: 400\">se mezclan en cada tramo del recorrido.<\/span><\/p>\n<p><span style=\"font-weight: 400\">\u00a0Adem\u00e1s, si sos <\/span><b>maior de 18 anos<\/b><span style=\"font-weight: 400\">, <\/span><b>\u00a1vas a poder manejar tu propia moto de nieve<\/b><span style=\"font-weight: 400\">! Y si prefer\u00eds o no se cuenta con la edad requerida, tambi\u00e9n existe la <\/span><b>opci\u00f3n <\/b><span style=\"font-weight: 400\">de <\/span><b>ir como acompa\u00f1ante<\/b><span style=\"font-weight: 400\"> y disfrutar el recorrido nevado con total <\/span><b>tranquilidade<\/b><span style=\"font-weight: 400\">, siempre <\/span><b>acompa\u00f1ado <\/b><span style=\"font-weight: 400\">de <\/span><b>nuestros gu\u00edas expertos<\/b><span style=\"font-weight: 400\">.<\/span><\/p>\n<p><span style=\"font-weight: 400\">\u00a0<\/span><\/p>\n<p><span style=\"font-weight: 400\">Tambi\u00e9n, vas a vivir la experiencia de<\/span><b> caminar con raquetas de nieve<\/b><span style=\"font-weight: 400\"> por senderos que atraviesan <\/span><b>florestas <\/b><span style=\"font-weight: 400\">e o <\/span><b>valle nevado<\/b><span style=\"font-weight: 400\">, sintiendo el<\/span><b> crujir de la nieve<\/b><span style=\"font-weight: 400\"> bajo tus pies y viendo a tu alrededor la <\/span><b>magia <\/b><span style=\"font-weight: 400\">do <\/span><b>paisaje invernal<\/b><span style=\"font-weight: 400\"> que brinda <\/span><b>Ushuaia<\/b><span style=\"font-weight: 400\">.\u00a0<\/span><\/p>\n<p class=\"translation-block\">E n\u00e3o pode faltar, entre as <strong>experi\u00eancias de inverno mais procuradas<\/strong>, o famoso <strong>culipat\u00edn<\/strong> (esqui bunda), uma atividade para <strong>todas as idades<\/strong> que garante <strong>risadas e bons momentos<\/strong> deslizando pela neve.<\/p>\n<p><span style=\"font-weight: 400\">\u00a0<\/span><\/p>\n<p><span style=\"font-weight: 400\">Qu\u00e9 mejor forma de <\/span><b>encerrar <\/b><span style=\"font-weight: 400\">esta <\/span><b>experiencia invernal <\/b><span style=\"font-weight: 400\">si no es con un delicioso<\/span><b> almuerzo tradicional de nuestra patagonia austral: <\/b><span style=\"font-weight: 400\">vas a poder elegir disfrutar del exquisito <\/span><b>cordero a la estaca al estilo fueguino, <\/b><span style=\"font-weight: 400\">un cl\u00e1sico de la gastronom\u00eda de Ushuaia, o tambi\u00e9n podes elegir la opci\u00f3n de unas riqu\u00edsimas <\/span><b>pastas caseras; <\/b><span style=\"font-weight: 400\">con una bebida incluida, postre y el famoso Caf\u00e9 del Mono hecho al calor de las brasas<\/span><b>.<\/b><\/p>\n<p><span style=\"font-weight: 400\">\u00a0<\/span><\/p>\n<p><b>Dia Branco<\/b><span style=\"font-weight: 400\"> es una <\/span><b>experiencia invernal <\/b><span style=\"font-weight: 400\">dise\u00f1ada para que <\/span><b>todos puedan disfrutar<\/b><span style=\"font-weight: 400\">l<\/span><b>a:<\/b><span style=\"font-weight: 400\"> familias, parejas, adultos mayores, viajeros aventureros <\/span><b>de todas las edades<\/b><span style=\"font-weight: 400\"> que quieran vivir la <\/span><b>nieve de Ushuaia<\/b><span style=\"font-weight: 400\"> con las <\/span><b>atividades exclusivas <\/b><span style=\"font-weight: 400\">de la temporada, lleno de <\/span><b>momentos emocionantes <\/b><span style=\"font-weight: 400\">y aut\u00e9nticos en el <\/span><b>Fim do Mundo.<\/b><\/p>","protected":false},"excerpt":{"rendered":"<p>Motos de neve, raquetes de neve, deslizar de esquibunda, um almo\u00e7o delicioso e um chocolate quente: tudo isso \u00e9 o que a excurs\u00e3o \u201cDia Branco\u201d oferece para voc\u00ea.<\/p>","protected":false},"featured_media":42086,"comment_status":"open","ping_status":"closed","template":"","meta":{"_acf_changed":false,"_joinchat":[]},"product_brand":[],"product_cat":[828],"product_tag":[87],"class_list":{"0":"post-8883","1":"product","2":"type-product","3":"status-publish","4":"has-post-thumbnail","6":"product_cat-nieve","7":"product_tag-invierno","9":"first","10":"instock","11":"virtual","12":"sold-individually","13":"purchasable","14":"product-type-turitop"},"acf":[],"_links":{"self":[{"href":"https:\/\/excursionesenushuaia.com\/pt\/wp-json\/wp\/v2\/product\/8883","targetHints":{"allow":["GET"]}}],"collection":[{"href":"https:\/\/excursionesenushuaia.com\/pt\/wp-json\/wp\/v2\/product"}],"about":[{"href":"https:\/\/excursionesenushuaia.com\/pt\/wp-json\/wp\/v2\/types\/product"}],"replies":[{"embeddable":true,"href":"https:\/\/excursionesenushuaia.com\/pt\/wp-json\/wp\/v2\/comments?post=8883"}],"version-history":[{"count":7,"href":"https:\/\/excursionesenushuaia.com\/pt\/wp-json\/wp\/v2\/product\/8883\/revisions"}],"predecessor-version":[{"id":45508,"href":"https:\/\/excursionesenushuaia.com\/pt\/wp-json\/wp\/v2\/product\/8883\/revisions\/45508"}],"wp:featuredmedia":[{"embeddable":true,"href":"https:\/\/excursionesenushuaia.com\/pt\/wp-json\/wp\/v2\/media\/42086"}],"wp:attachment":[{"href":"https:\/\/excursionesenushuaia.com\/pt\/wp-json\/wp\/v2\/media?parent=8883"}],"wp:term":[{"taxonomy":"product_brand","embeddable":true,"href":"https:\/\/excursionesenushuaia.com\/pt\/wp-json\/wp\/v2\/product_brand?post=8883"},{"taxonomy":"product_cat","embeddable":true,"href":"https:\/\/excursionesenushuaia.com\/pt\/wp-json\/wp\/v2\/product_cat?post=8883"},{"taxonomy":"product_tag","embeddable":true,"href":"https:\/\/excursionesenushuaia.com\/pt\/wp-json\/wp\/v2\/product_tag?post=8883"}],"curies":[{"name":"wp","href":"https:\/\/api.w.org\/{rel}","templated":true}]}}