{"id":8913,"date":"2021-12-27T17:15:10","date_gmt":"2021-12-27T17:15:10","guid":{"rendered":"https:\/\/excursionesenushuaia.com\/?post_type=product&#038;p=8913"},"modified":"2026-02-18T11:57:32","modified_gmt":"2026-02-18T14:57:32","slug":"noches-blancas","status":"publish","type":"product","link":"https:\/\/excursionesenushuaia.com\/pt\/nieve\/noches-blancas\/","title":{"rendered":"Noites Brancas"},"content":{"rendered":"<h2>\ud83c\udf19\u2744\ufe0f <strong>Noites Brancas em Ushuaia: uma aventura noturna na neve do Fim do Mundo<\/strong><\/h2>\n<p class=\"translation-block\">Voc\u00ea imagina <strong>desfrutar de uma experi\u00eancia noturna na neve<\/strong> de <strong>Ushuaia<\/strong>, com a emo\u00e7\u00e3o de percorrer paisagens incr\u00edveis sob o c\u00e9u austral? <strong>Noites Brancas em Ushuaia<\/strong> \u00e9 uma atividade noturna na neve especialmente desenhada para <strong>viver a ess\u00eancia do inverno<\/strong> no Fim do Mundo, com <strong>atividades exclusivas sob a magia da noite austral<\/strong>.<\/p>\n<p class=\"translation-block\">Voc\u00ea sentir\u00e1 a <strong>adrenalina<\/strong> de percorrer em <strong>motos de neve<\/strong> um vale totalmente coberto de branco, desfrutando de <strong>uma aventura inesquec\u00edvel e divertida<\/strong> que desperta todos os seus sentidos. Tamb\u00e9m experimentar\u00e1 uma <strong>caminhada com raquetes<\/strong>, atravessando <strong>bosques nevados<\/strong> em total sil\u00eancio e tranquilidade, sob a luz t\u00eanue que ilumina suavemente cada canto da <strong>paisagem noturna<\/strong>.<\/p>\n<p class=\"translation-block\">Para encerrar esta experi\u00eancia \u00fanica em <strong>Ushuaia<\/strong>, voc\u00ea vai <strong>se sentir crian\u00e7a novamente<\/strong> aproveitando o cl\u00e1ssico <strong>esqui-bunda<\/strong>, deslizando entre risos e divers\u00e3o, <strong>criando mem\u00f3rias inesquec\u00edveis<\/strong> para compartilhar.<\/p>\n<p class=\"translation-block\">Al\u00e9m disso, nesta <strong>atividade noturna<\/strong> voc\u00ea compartilhar\u00e1 um <strong>jantar delicioso<\/strong> no acolhedor e hist\u00f3rico <strong>centro invernal Villa Las Cotorras<\/strong>, desfrutando de <strong>pratos tradicionais<\/strong> como <strong>empanadas de cordeiro<\/strong> e um reconfortante <strong>guisado de lentilhas<\/strong>.<\/p>\n<p class=\"translation-block\">Este <strong>tour noturno em Ushuaia<\/strong> \u00e9 ideal para quem busca uma proposta <strong>original e diferente<\/strong>, para encerrar um dia perfeito no Fim do Mundo com <strong>divers\u00e3o, aventura e sabores aut\u00eanticos<\/strong>. <strong>Noites Brancas em Ushuaia<\/strong> \u00e9 muito mais que uma excurs\u00e3o: \u00e9 uma <strong>experi\u00eancia \u00fanica<\/strong> para viver a noite na neve sob uma perspectiva totalmente especial.<\/p>","protected":false},"excerpt":{"rendered":"<p>Motos de neve, raquetes de neve, deslizar de esquibunda, um jantar delicioso e um chocolate quente: tudo isso \u00e9 o que a excurs\u00e3o \u201cNoites Brancas\u201d oferece para voc\u00ea.<\/p>","protected":false},"featured_media":42039,"comment_status":"open","ping_status":"closed","template":"","meta":{"_acf_changed":false,"_joinchat":[]},"product_brand":[],"product_cat":[828,43],"product_tag":[87],"class_list":{"0":"post-8913","1":"product","2":"type-product","3":"status-publish","4":"has-post-thumbnail","6":"product_cat-nieve","7":"product_cat-invierno-nieve","8":"product_tag-invierno","10":"first","11":"instock","12":"virtual","13":"sold-individually","14":"purchasable","15":"product-type-turitop"},"acf":[],"_links":{"self":[{"href":"https:\/\/excursionesenushuaia.com\/pt\/wp-json\/wp\/v2\/product\/8913","targetHints":{"allow":["GET"]}}],"collection":[{"href":"https:\/\/excursionesenushuaia.com\/pt\/wp-json\/wp\/v2\/product"}],"about":[{"href":"https:\/\/excursionesenushuaia.com\/pt\/wp-json\/wp\/v2\/types\/product"}],"replies":[{"embeddable":true,"href":"https:\/\/excursionesenushuaia.com\/pt\/wp-json\/wp\/v2\/comments?post=8913"}],"version-history":[{"count":3,"href":"https:\/\/excursionesenushuaia.com\/pt\/wp-json\/wp\/v2\/product\/8913\/revisions"}],"predecessor-version":[{"id":39843,"href":"https:\/\/excursionesenushuaia.com\/pt\/wp-json\/wp\/v2\/product\/8913\/revisions\/39843"}],"wp:featuredmedia":[{"embeddable":true,"href":"https:\/\/excursionesenushuaia.com\/pt\/wp-json\/wp\/v2\/media\/42039"}],"wp:attachment":[{"href":"https:\/\/excursionesenushuaia.com\/pt\/wp-json\/wp\/v2\/media?parent=8913"}],"wp:term":[{"taxonomy":"product_brand","embeddable":true,"href":"https:\/\/excursionesenushuaia.com\/pt\/wp-json\/wp\/v2\/product_brand?post=8913"},{"taxonomy":"product_cat","embeddable":true,"href":"https:\/\/excursionesenushuaia.com\/pt\/wp-json\/wp\/v2\/product_cat?post=8913"},{"taxonomy":"product_tag","embeddable":true,"href":"https:\/\/excursionesenushuaia.com\/pt\/wp-json\/wp\/v2\/product_tag?post=8913"}],"curies":[{"name":"wp","href":"https:\/\/api.w.org\/{rel}","templated":true}]}}