{"id":9346,"date":"2021-06-15T11:53:07","date_gmt":"2021-06-15T14:53:07","guid":{"rendered":"https:\/\/excursionesenushuaia.com\/?post_type=product&#038;p=9346"},"modified":"2026-04-09T11:44:52","modified_gmt":"2026-04-09T14:44:52","slug":"lagos-convencional","status":"publish","type":"product","link":"https:\/\/excursionesenushuaia.com\/pt\/lagos-escondido-y-fagnano\/lagos-convencional\/","title":{"rendered":"Travessia Convencional de Lagos"},"content":{"rendered":"<h1>Travessia Convencional de Lagos<\/h1>\n<p><span style=\"font-weight: 400;\">Viv\u00ed una aventura recorriendo los lagos glaciares Escondido y Fagnano con la excursi\u00f3n de &#8220;Traves\u00eda Lagos Convencional&#8221;.<\/span><\/p>\n<p>Esta es una alternativa a la excursi\u00f3n <a href=\"https:\/\/excursionesenushuaia.com\/pt\/aventuras-en-4x4\/travesia-lagos-4x4\/\">&#8220;TRAVESIA LAGOS 4&#215;4&#8221;<\/a> \u00a0m\u00e1s relajada, donde podr\u00e1s disfrutar de los mismos paisajes con menos adrenalina.<\/p>\n<p>O passeio come\u00e7a quando buscamos voc\u00ea na porta do seu hotel por volta das 9 da manh\u00e3 em nosso micro\u00f4nibus para 24 pessoas.<\/p>\n<p>Com todos a bordo, seguimos em dire\u00e7\u00e3o ao norte atrav\u00e9s da famosa rota N\u00b03.<\/p>\n<p>Al alejarnos del Canal Beagle, el paisaje revela en el horizonte los montes Oliva y Cinco Hermanos, as\u00ed como tambi\u00e9n el Valle Carbajal donde se explota la turba. Luego, el camino nos lleva hacia el Valle de Tierra Mayor , descubriendo los cerros Bonete, Pelado y Alvear.<\/p>\n<p>A continuaci\u00f3n, atravesamos Rancho Hambre, que es el lugar donde comienza la ruta J, en el destacamento de Vialidad Nacional. Al alcanzar una altura de 500 metros sobre el nivel del mar, podremos disfrutar de las m\u00e1s alucinantes vistas panor\u00e1micas del Lago Escondido y Lago Fagnano sobre el famoso Paso Garibaldi.<\/p>\n<p>&nbsp;<\/p>\n<p>&nbsp;<\/p>\n<p>&nbsp;<\/p>\n<h3>La aventura de los lagos Escondido y Fagnano. \u00a1\u00a1DIVERTIDA Y PARA TODA LA FAMILIA!!<\/h3>\n<p><b>\u00bfQu\u00e9 llevar a la aventura?<\/b><\/p>\n<p><span style=\"font-weight: 400;\">Ushuaia no s\u00f3lo es \u00fanica por sus imponentes paisajes, sino tambi\u00e9n por su clima cambiante. Pod\u00e9s experimentar las 4 estaciones y cambios de temperatura bruscos en un mismo d\u00eda. Por eso te recomendamos, que lo mejor, es que te vistas en varias capas de ropa,\u00a0 como una cebolla.\u00a0<\/span><\/p>\n<p><span style=\"font-weight: 400;\">Adem\u00e1s, te recomendamos llevar:<\/span><\/p>\n<ul>\n<li style=\"font-weight: 400;\"><span style=\"font-weight: 400;\">DNI o pasaporte\u00a0<\/span><\/li>\n<li style=\"font-weight: 400;\"><span style=\"font-weight: 400;\">Gorra ajustada por el viento<\/span><\/li>\n<li style=\"font-weight: 400;\"><span style=\"font-weight: 400;\">Lentes de sol y guantes si ten\u00e9s<\/span><\/li>\n<li style=\"font-weight: 400;\"><span style=\"font-weight: 400;\">Protector solar (siempre recomendado en Ushuaia)<\/span><\/li>\n<li style=\"font-weight: 400;\"><span style=\"font-weight: 400;\">Snack, si sos de los que respeta ingestas cada 3 hs<\/span><\/li>\n<li style=\"font-weight: 400;\"><span style=\"font-weight: 400;\">Botellita de agua<\/span><\/li>\n<li style=\"font-weight: 400;\"><span style=\"font-weight: 400;\">C\u00e1mara de fotos o tel\u00e9fono celular<\/span><\/li>\n<\/ul>\n<p><span style=\"font-weight: 400;\">Voc\u00ea est\u00e1 pronto para a aventura?<\/span><\/p>\n<p><span style=\"font-weight: 400;\">Comecemos!<\/span><\/p>","protected":false},"excerpt":{"rendered":"<p>Un recorrido esc\u00e9nico por el <strong>Vale do Carbajal<\/strong>, o <strong>Passe Garibaldi<\/strong> e o <strong>Lago Fagnano<\/strong>, con vistas panor\u00e1micas al <strong>Lago Escondido<\/strong> e <strong>almo\u00e7o<\/strong> em um <strong>centro invernal<\/strong> t\u00edpico de la zona.<\/p>","protected":false},"featured_media":42081,"comment_status":"open","ping_status":"closed","template":"","meta":{"_acf_changed":false,"_joinchat":[]},"product_brand":[],"product_cat":[122],"product_tag":[87,88,89,75],"class_list":{"0":"post-9346","1":"product","2":"type-product","3":"status-publish","4":"has-post-thumbnail","6":"product_cat-lagos-escondido-y-fagnano","7":"product_tag-invierno","8":"product_tag-otonos","9":"product_tag-primavera","10":"product_tag-verano","12":"first","13":"instock","14":"virtual","15":"sold-individually","16":"purchasable","17":"product-type-turitop"},"acf":[],"_links":{"self":[{"href":"https:\/\/excursionesenushuaia.com\/pt\/wp-json\/wp\/v2\/product\/9346","targetHints":{"allow":["GET"]}}],"collection":[{"href":"https:\/\/excursionesenushuaia.com\/pt\/wp-json\/wp\/v2\/product"}],"about":[{"href":"https:\/\/excursionesenushuaia.com\/pt\/wp-json\/wp\/v2\/types\/product"}],"replies":[{"embeddable":true,"href":"https:\/\/excursionesenushuaia.com\/pt\/wp-json\/wp\/v2\/comments?post=9346"}],"version-history":[{"count":11,"href":"https:\/\/excursionesenushuaia.com\/pt\/wp-json\/wp\/v2\/product\/9346\/revisions"}],"predecessor-version":[{"id":51140,"href":"https:\/\/excursionesenushuaia.com\/pt\/wp-json\/wp\/v2\/product\/9346\/revisions\/51140"}],"wp:featuredmedia":[{"embeddable":true,"href":"https:\/\/excursionesenushuaia.com\/pt\/wp-json\/wp\/v2\/media\/42081"}],"wp:attachment":[{"href":"https:\/\/excursionesenushuaia.com\/pt\/wp-json\/wp\/v2\/media?parent=9346"}],"wp:term":[{"taxonomy":"product_brand","embeddable":true,"href":"https:\/\/excursionesenushuaia.com\/pt\/wp-json\/wp\/v2\/product_brand?post=9346"},{"taxonomy":"product_cat","embeddable":true,"href":"https:\/\/excursionesenushuaia.com\/pt\/wp-json\/wp\/v2\/product_cat?post=9346"},{"taxonomy":"product_tag","embeddable":true,"href":"https:\/\/excursionesenushuaia.com\/pt\/wp-json\/wp\/v2\/product_tag?post=9346"}],"curies":[{"name":"wp","href":"https:\/\/api.w.org\/{rel}","templated":true}]}}